{"id":134,"date":"2022-07-22T16:59:21","date_gmt":"2022-07-22T14:59:21","guid":{"rendered":"https:\/\/acroellips.fr\/index.php\/panier\/"},"modified":"2022-07-22T16:59:21","modified_gmt":"2022-07-22T14:59:21","slug":"panier","status":"publish","type":"page","link":"https:\/\/acroellips.fr\/index.php\/panier\/","title":{"rendered":"Panier"},"content":{"rendered":"\n","protected":false},"excerpt":{"rendered":"","protected":false},"author":1,"featured_media":0,"parent":0,"menu_order":0,"comment_status":"closed","ping_status":"closed","template":"","meta":{"ub_ctt_via":"","footnotes":""},"class_list":["post-134","page","type-page","status-publish","hentry"],"featured_image_src":null,"yoast_head":"<!-- This site is optimized with the Yoast SEO plugin v27.5 - https:\/\/yoast.com\/product\/yoast-seo-wordpress\/ -->\n<title>Panier - AcroEllip&#039;s<\/title>\n<meta name=\"description\" content=\"Panier AcroEllip&#039;s Cours d&#039;Acroyoga - Angers\/Saumur\/Dou\u00e9-en-Anjou - Adultes\/Parent-Enfant - QVCT - EVJF - EVG - Enterrement de vie de c\u00e9libataire - Entreprises - S\u00e9minaires - Team Building - Coh\u00e9sion\" \/>\n<meta name=\"robots\" content=\"index, follow, max-snippet:-1, max-image-preview:large, max-video-preview:-1\" \/>\n<link rel=\"canonical\" href=\"https:\/\/acroellips.fr\/index.php\/panier\/\" \/>\n<meta property=\"og:locale\" content=\"fr_FR\" \/>\n<meta property=\"og:type\" content=\"article\" \/>\n<meta property=\"og:title\" content=\"Panier - AcroEllip&#039;s\" \/>\n<meta property=\"og:description\" content=\"Panier AcroEllip&#039;s Cours d&#039;Acroyoga - Angers\/Saumur\/Dou\u00e9-en-Anjou - Adultes\/Parent-Enfant - QVCT - EVJF - EVG - Enterrement de vie de c\u00e9libataire - Entreprises - S\u00e9minaires - Team Building - Coh\u00e9sion\" \/>\n<meta property=\"og:url\" content=\"https:\/\/acroellips.fr\/index.php\/panier\/\" \/>\n<meta property=\"og:site_name\" content=\"AcroEllip&#039;s\" \/>\n<meta property=\"article:publisher\" content=\"https:\/\/facebook.com\/acroellips\" \/>\n<meta name=\"twitter:card\" content=\"summary_large_image\" \/>\n<script type=\"application\/ld+json\" class=\"yoast-schema-graph\">{\"@context\":\"https:\\\/\\\/schema.org\",\"@graph\":[{\"@type\":\"WebPage\",\"@id\":\"https:\\\/\\\/acroellips.fr\\\/index.php\\\/panier\\\/\",\"url\":\"https:\\\/\\\/acroellips.fr\\\/index.php\\\/panier\\\/\",\"name\":\"Panier - AcroEllip&#039;s\",\"isPartOf\":{\"@id\":\"https:\\\/\\\/acroellips.fr\\\/#website\"},\"datePublished\":\"2022-07-22T14:59:21+00:00\",\"description\":\"Panier AcroEllip&#039;s Cours d'Acroyoga - Angers\\\/Saumur\\\/Dou\u00e9-en-Anjou - Adultes\\\/Parent-Enfant - QVCT - EVJF - EVG - Enterrement de vie de c\u00e9libataire - Entreprises - S\u00e9minaires - Team Building - Coh\u00e9sion\",\"breadcrumb\":{\"@id\":\"https:\\\/\\\/acroellips.fr\\\/index.php\\\/panier\\\/#breadcrumb\"},\"inLanguage\":\"fr-FR\",\"potentialAction\":[{\"@type\":\"ReadAction\",\"target\":[\"https:\\\/\\\/acroellips.fr\\\/index.php\\\/panier\\\/\"]}]},{\"@type\":\"BreadcrumbList\",\"@id\":\"https:\\\/\\\/acroellips.fr\\\/index.php\\\/panier\\\/#breadcrumb\",\"itemListElement\":[{\"@type\":\"ListItem\",\"position\":1,\"name\":\"Accueil\",\"item\":\"https:\\\/\\\/acroellips.fr\\\/\"},{\"@type\":\"ListItem\",\"position\":2,\"name\":\"Panier\"}]},{\"@type\":\"WebSite\",\"@id\":\"https:\\\/\\\/acroellips.fr\\\/#website\",\"url\":\"https:\\\/\\\/acroellips.fr\\\/\",\"name\":\"AcroEllip&#039;s\",\"description\":\"Cr\u00e9ateur de parenth\u00e8ses\",\"publisher\":{\"@id\":\"https:\\\/\\\/acroellips.fr\\\/#organization\"},\"potentialAction\":[{\"@type\":\"SearchAction\",\"target\":{\"@type\":\"EntryPoint\",\"urlTemplate\":\"https:\\\/\\\/acroellips.fr\\\/?s={search_term_string}\"},\"query-input\":{\"@type\":\"PropertyValueSpecification\",\"valueRequired\":true,\"valueName\":\"search_term_string\"}}],\"inLanguage\":\"fr-FR\"},{\"@type\":\"Organization\",\"@id\":\"https:\\\/\\\/acroellips.fr\\\/#organization\",\"name\":\"Acroellip's\",\"url\":\"https:\\\/\\\/acroellips.fr\\\/\",\"logo\":{\"@type\":\"ImageObject\",\"inLanguage\":\"fr-FR\",\"@id\":\"https:\\\/\\\/acroellips.fr\\\/#\\\/schema\\\/logo\\\/image\\\/\",\"url\":\"https:\\\/\\\/acroellips.fr\\\/wp-content\\\/uploads\\\/2022\\\/07\\\/acroellips.jpg\",\"contentUrl\":\"https:\\\/\\\/acroellips.fr\\\/wp-content\\\/uploads\\\/2022\\\/07\\\/acroellips.jpg\",\"width\":111,\"height\":104,\"caption\":\"Acroellip's\"},\"image\":{\"@id\":\"https:\\\/\\\/acroellips.fr\\\/#\\\/schema\\\/logo\\\/image\\\/\"},\"sameAs\":[\"https:\\\/\\\/facebook.com\\\/acroellips\",\"https:\\\/\\\/instagram.com\\\/acroellips\"]}]}<\/script>\n<!-- \/ Yoast SEO plugin. -->","yoast_head_json":{"title":"Panier - AcroEllip&#039;s","description":"Panier AcroEllip&#039;s Cours d'Acroyoga - Angers\/Saumur\/Dou\u00e9-en-Anjou - Adultes\/Parent-Enfant - QVCT - EVJF - EVG - Enterrement de vie de c\u00e9libataire - Entreprises - S\u00e9minaires - Team Building - Coh\u00e9sion","robots":{"index":"index","follow":"follow","max-snippet":"max-snippet:-1","max-image-preview":"max-image-preview:large","max-video-preview":"max-video-preview:-1"},"canonical":"https:\/\/acroellips.fr\/index.php\/panier\/","og_locale":"fr_FR","og_type":"article","og_title":"Panier - AcroEllip&#039;s","og_description":"Panier AcroEllip&#039;s Cours d'Acroyoga - Angers\/Saumur\/Dou\u00e9-en-Anjou - Adultes\/Parent-Enfant - QVCT - EVJF - EVG - Enterrement de vie de c\u00e9libataire - Entreprises - S\u00e9minaires - Team Building - Coh\u00e9sion","og_url":"https:\/\/acroellips.fr\/index.php\/panier\/","og_site_name":"AcroEllip&#039;s","article_publisher":"https:\/\/facebook.com\/acroellips","twitter_card":"summary_large_image","schema":{"@context":"https:\/\/schema.org","@graph":[{"@type":"WebPage","@id":"https:\/\/acroellips.fr\/index.php\/panier\/","url":"https:\/\/acroellips.fr\/index.php\/panier\/","name":"Panier - AcroEllip&#039;s","isPartOf":{"@id":"https:\/\/acroellips.fr\/#website"},"datePublished":"2022-07-22T14:59:21+00:00","description":"Panier AcroEllip&#039;s Cours d'Acroyoga - Angers\/Saumur\/Dou\u00e9-en-Anjou - Adultes\/Parent-Enfant - QVCT - EVJF - EVG - Enterrement de vie de c\u00e9libataire - Entreprises - S\u00e9minaires - Team Building - Coh\u00e9sion","breadcrumb":{"@id":"https:\/\/acroellips.fr\/index.php\/panier\/#breadcrumb"},"inLanguage":"fr-FR","potentialAction":[{"@type":"ReadAction","target":["https:\/\/acroellips.fr\/index.php\/panier\/"]}]},{"@type":"BreadcrumbList","@id":"https:\/\/acroellips.fr\/index.php\/panier\/#breadcrumb","itemListElement":[{"@type":"ListItem","position":1,"name":"Accueil","item":"https:\/\/acroellips.fr\/"},{"@type":"ListItem","position":2,"name":"Panier"}]},{"@type":"WebSite","@id":"https:\/\/acroellips.fr\/#website","url":"https:\/\/acroellips.fr\/","name":"AcroEllip&#039;s","description":"Cr\u00e9ateur de parenth\u00e8ses","publisher":{"@id":"https:\/\/acroellips.fr\/#organization"},"potentialAction":[{"@type":"SearchAction","target":{"@type":"EntryPoint","urlTemplate":"https:\/\/acroellips.fr\/?s={search_term_string}"},"query-input":{"@type":"PropertyValueSpecification","valueRequired":true,"valueName":"search_term_string"}}],"inLanguage":"fr-FR"},{"@type":"Organization","@id":"https:\/\/acroellips.fr\/#organization","name":"Acroellip's","url":"https:\/\/acroellips.fr\/","logo":{"@type":"ImageObject","inLanguage":"fr-FR","@id":"https:\/\/acroellips.fr\/#\/schema\/logo\/image\/","url":"https:\/\/acroellips.fr\/wp-content\/uploads\/2022\/07\/acroellips.jpg","contentUrl":"https:\/\/acroellips.fr\/wp-content\/uploads\/2022\/07\/acroellips.jpg","width":111,"height":104,"caption":"Acroellip's"},"image":{"@id":"https:\/\/acroellips.fr\/#\/schema\/logo\/image\/"},"sameAs":["https:\/\/facebook.com\/acroellips","https:\/\/instagram.com\/acroellips"]}]}},"featured_media_urls":[],"_links":{"self":[{"href":"https:\/\/acroellips.fr\/index.php\/wp-json\/wp\/v2\/pages\/134","targetHints":{"allow":["GET"]}}],"collection":[{"href":"https:\/\/acroellips.fr\/index.php\/wp-json\/wp\/v2\/pages"}],"about":[{"href":"https:\/\/acroellips.fr\/index.php\/wp-json\/wp\/v2\/types\/page"}],"author":[{"embeddable":true,"href":"https:\/\/acroellips.fr\/index.php\/wp-json\/wp\/v2\/users\/1"}],"replies":[{"embeddable":true,"href":"https:\/\/acroellips.fr\/index.php\/wp-json\/wp\/v2\/comments?post=134"}],"version-history":[{"count":0,"href":"https:\/\/acroellips.fr\/index.php\/wp-json\/wp\/v2\/pages\/134\/revisions"}],"wp:attachment":[{"href":"https:\/\/acroellips.fr\/index.php\/wp-json\/wp\/v2\/media?parent=134"}],"curies":[{"name":"wp","href":"https:\/\/api.w.org\/{rel}","templated":true}]}}