{"id":1459,"date":"2023-10-30T18:40:45","date_gmt":"2023-10-30T17:40:45","guid":{"rendered":"https:\/\/acroellips.fr\/?page_id=1459"},"modified":"2025-06-01T20:58:28","modified_gmt":"2025-06-01T18:58:28","slug":"les-tarifs","status":"publish","type":"page","link":"https:\/\/acroellips.fr\/index.php\/les-tarifs\/","title":{"rendered":"Les Tarifs"},"content":{"rendered":"\n<p><strong>Cours hebdomadaires adultes Climb Up Les-Ponts-de-C\u00e9<\/strong><\/p>\n\n\n\n<p>\u00b7&nbsp;&nbsp;&nbsp;&nbsp;&nbsp;&nbsp;&nbsp;&nbsp;Ann\u00e9e (30 s\u00e9ance 1h30)&nbsp;: 348\u20ac<br>\u00b7&nbsp;&nbsp;&nbsp;&nbsp;&nbsp;&nbsp;&nbsp;&nbsp;Trimestre&nbsp;(cycle de 10 s\u00e9ances 1h30) : 132\u20ac<br>\u00b7&nbsp;&nbsp;&nbsp;&nbsp;&nbsp;&nbsp;&nbsp;&nbsp;Carte 10 s\u00e9ances (10 s\u00e9ances 1h30) : 170\u20ac<\/p>\n\n\n\n<p>Inscriptions en ligne avec mensualisations possibles via HelloAsso : <a href=\"https:\/\/www.helloasso.com\/associations\/acroellip-s\/adhesions\/cours-hebdomadaires-2025-2026\">&#8211;> ici &lt;&#8211;<\/a><\/p>\n\n\n\n<p><\/p>\n\n\n\n<p><strong>Cours hebdomadaires parent-enfant Climb Up Les-Ponts-de-C\u00e9<\/strong><\/p>\n\n\n\n<p>\u00b7&nbsp;&nbsp;&nbsp;&nbsp;&nbsp;&nbsp;&nbsp;&nbsp;Ann\u00e9e&nbsp;(30 s\u00e9ance 1h30)&nbsp;: 515\u20ac\/bin\u00f4me<br>\u00b7&nbsp;&nbsp;&nbsp;&nbsp;&nbsp;&nbsp;&nbsp;&nbsp;Trimestre&nbsp;(cycle de 10 s\u00e9ances 1h30): 186\u20ac\/bin\u00f4me<br>\u00b7&nbsp;&nbsp;&nbsp;&nbsp;&nbsp;&nbsp;&nbsp;&nbsp;Carte 10 s\u00e9ances (10 s\u00e9ances 1h30)&nbsp;: 225\u20ac\/bin\u00f4me<\/p>\n\n\n\n<p id=\"block-786f2dff-7fbf-4ed3-9f6a-91eb4c87c780\">Inscriptions en ligne avec mensualisations possibles via HelloAsso : <a href=\"https:\/\/www.helloasso.com\/associations\/acroellip-s\/adhesions\/cours-hebdomadaires-2025-2026\">&#8211;> ici &lt;&#8211;<\/a><\/p>\n\n\n\n<p><\/p>\n\n\n\n<p><strong>Cours particulier (1 ou 2 personne(s))<\/strong><\/p>\n\n\n\n<p>\u00b7&nbsp;&nbsp;&nbsp;&nbsp;&nbsp;&nbsp;&nbsp;&nbsp;50\u20ac\/heure<br>\u00b7&nbsp;&nbsp;&nbsp;&nbsp;&nbsp;&nbsp;&nbsp;&nbsp;Participation \u00e0 l\u2019\u00e9ventuelle location de salle<br>\u00b7&nbsp;&nbsp;&nbsp;&nbsp;&nbsp;&nbsp;&nbsp;&nbsp;Frais kilom\u00e9triques \u00e0 pr\u00e9voir au-del\u00e0 de 15 km depuis Brign\u00e9 sur Layon<\/p>\n\n\n\n<p><\/p>\n\n\n\n<p><strong>Cours collectifs \u00e0 la demande<\/strong> <strong>(de 3 \u00e0 18 personnes)<\/strong><\/p>\n\n\n\n<p>\u00b7&nbsp;&nbsp;&nbsp;&nbsp;&nbsp;&nbsp;&nbsp;&nbsp;20\u20ac\/heure par personne<br>\u00b7&nbsp;&nbsp;&nbsp;&nbsp;&nbsp;&nbsp;&nbsp;&nbsp;\u00e0 partir de 7 personnes : -10% de r\u00e9duction<br>\u00b7&nbsp;&nbsp;&nbsp;&nbsp;&nbsp;&nbsp;&nbsp;&nbsp;\u00e0 partir de 13 personnes : -15% de r\u00e9duction<br>\u00b7&nbsp;&nbsp;&nbsp;&nbsp;&nbsp;&nbsp;&nbsp;&nbsp;\u00e0 partir de 16 personnes : -20% de r\u00e9duction<br>\u00b7&nbsp;&nbsp;&nbsp;&nbsp;&nbsp;&nbsp;&nbsp;&nbsp;Groupe complet de 18 personnes : <strong>-25% de r\u00e9duction<\/strong><\/p>\n\n\n\n<p><br>\u00b7&nbsp;&nbsp;&nbsp;&nbsp;&nbsp;&nbsp;&nbsp;&nbsp;Participation \u00e0 l\u2019\u00e9ventuelle location de salle<br>\u00b7&nbsp;&nbsp;&nbsp;&nbsp;&nbsp;&nbsp;&nbsp;&nbsp;Frais kilom\u00e9triques \u00e0 pr\u00e9voir au-del\u00e0 de 15km depuis Brign\u00e9 sur Layon<\/p>\n\n\n\n<p>Pour toute autre demande <a href=\"mailto:acroellips@gmail.com\">-&gt; Contactez-moi! &lt;-<\/a><\/p>\n\n\n\n<p><\/p>\n\n\n\n<p><strong>Ateliers entreprise<\/strong><\/p>\n\n\n\n<p>Tarifs sur devis : <a href=\"mailto:entreprises@acroellips.fr\">-&gt; Contactez-moi! &lt;-<\/a><\/p>\n","protected":false},"excerpt":{"rendered":"<p>Cours hebdomadaires adultes Climb Up Les-Ponts-de-C\u00e9 \u00b7&nbsp;&nbsp;&nbsp;&nbsp;&nbsp;&nbsp;&nbsp;&nbsp;Ann\u00e9e (30 s\u00e9ance 1h30)&nbsp;: 348\u20ac\u00b7&nbsp;&nbsp;&nbsp;&nbsp;&nbsp;&nbsp;&nbsp;&nbsp;Trimestre&nbsp;(cycle de 10 s\u00e9ances 1h30) : 132\u20ac\u00b7&nbsp;&nbsp;&nbsp;&nbsp;&nbsp;&nbsp;&nbsp;&nbsp;Carte 10 s\u00e9ances (10 s\u00e9ances 1h30) : 170\u20ac Inscriptions en ligne avec mensualisations possibles via HelloAsso : &#8211;> ici &lt;&#8211; Cours hebdomadaires parent-enfant Climb Up Les-Ponts-de-C\u00e9 \u00b7&nbsp;&nbsp;&nbsp;&nbsp;&nbsp;&nbsp;&nbsp;&nbsp;Ann\u00e9e&nbsp;(30 s\u00e9ance 1h30)&nbsp;: 515\u20ac\/bin\u00f4me\u00b7&nbsp;&nbsp;&nbsp;&nbsp;&nbsp;&nbsp;&nbsp;&nbsp;Trimestre&nbsp;(cycle de 10 s\u00e9ances 1h30): 186\u20ac\/bin\u00f4me\u00b7&nbsp;&nbsp;&nbsp;&nbsp;&nbsp;&nbsp;&nbsp;&nbsp;Carte 10 s\u00e9ances (10 s\u00e9ances &hellip; <\/p>\n<p class=\"link-more\"><a href=\"https:\/\/acroellips.fr\/index.php\/les-tarifs\/\" class=\"more-link\">Lire la suite de<span class=\"screen-reader-text\">\u00ab\u00a0Les Tarifs\u00a0\u00bb<\/span><\/a><\/p>\n","protected":false},"author":2,"featured_media":0,"parent":0,"menu_order":0,"comment_status":"closed","ping_status":"closed","template":"","meta":{"ub_ctt_via":"","footnotes":""},"class_list":["post-1459","page","type-page","status-publish","hentry"],"featured_image_src":null,"yoast_head":"<!-- This site is optimized with the Yoast SEO plugin v27.4 - https:\/\/yoast.com\/product\/yoast-seo-wordpress\/ -->\n<title>Les Tarifs - AcroEllip&#039;s<\/title>\n<meta name=\"description\" content=\"Les Tarifs AcroEllip&#039;s Cours d&#039;Acroyoga - Angers\/Saumur\/Dou\u00e9-en-Anjou - Adultes\/Parent-Enfant - QVCT - EVJF - EVG - Enterrement de vie de c\u00e9libataire - Entreprises - S\u00e9minaires - Team Building - Coh\u00e9sion\" \/>\n<meta name=\"robots\" content=\"index, follow, max-snippet:-1, max-image-preview:large, max-video-preview:-1\" \/>\n<link rel=\"canonical\" href=\"https:\/\/acroellips.fr\/index.php\/les-tarifs\/\" \/>\n<meta property=\"og:locale\" content=\"fr_FR\" \/>\n<meta property=\"og:type\" content=\"article\" \/>\n<meta property=\"og:title\" content=\"Les Tarifs - AcroEllip&#039;s\" \/>\n<meta property=\"og:description\" content=\"Les Tarifs AcroEllip&#039;s Cours d&#039;Acroyoga - Angers\/Saumur\/Dou\u00e9-en-Anjou - Adultes\/Parent-Enfant - QVCT - EVJF - EVG - Enterrement de vie de c\u00e9libataire - Entreprises - S\u00e9minaires - Team Building - Coh\u00e9sion\" \/>\n<meta property=\"og:url\" content=\"https:\/\/acroellips.fr\/index.php\/les-tarifs\/\" \/>\n<meta property=\"og:site_name\" content=\"AcroEllip&#039;s\" \/>\n<meta property=\"article:publisher\" content=\"https:\/\/facebook.com\/acroellips\" \/>\n<meta property=\"article:modified_time\" content=\"2025-06-01T18:58:28+00:00\" \/>\n<meta name=\"twitter:card\" content=\"summary_large_image\" \/>\n<meta name=\"twitter:label1\" content=\"Dur\u00e9e de lecture estim\u00e9e\" \/>\n\t<meta name=\"twitter:data1\" content=\"1 minute\" \/>\n<script type=\"application\/ld+json\" class=\"yoast-schema-graph\">{\"@context\":\"https:\\\/\\\/schema.org\",\"@graph\":[{\"@type\":\"WebPage\",\"@id\":\"https:\\\/\\\/acroellips.fr\\\/index.php\\\/les-tarifs\\\/\",\"url\":\"https:\\\/\\\/acroellips.fr\\\/index.php\\\/les-tarifs\\\/\",\"name\":\"Les Tarifs - AcroEllip&#039;s\",\"isPartOf\":{\"@id\":\"https:\\\/\\\/acroellips.fr\\\/#website\"},\"datePublished\":\"2023-10-30T17:40:45+00:00\",\"dateModified\":\"2025-06-01T18:58:28+00:00\",\"description\":\"Les Tarifs AcroEllip&#039;s Cours d'Acroyoga - Angers\\\/Saumur\\\/Dou\u00e9-en-Anjou - Adultes\\\/Parent-Enfant - QVCT - EVJF - EVG - Enterrement de vie de c\u00e9libataire - Entreprises - S\u00e9minaires - Team Building - Coh\u00e9sion\",\"breadcrumb\":{\"@id\":\"https:\\\/\\\/acroellips.fr\\\/index.php\\\/les-tarifs\\\/#breadcrumb\"},\"inLanguage\":\"fr-FR\",\"potentialAction\":[{\"@type\":\"ReadAction\",\"target\":[\"https:\\\/\\\/acroellips.fr\\\/index.php\\\/les-tarifs\\\/\"]}]},{\"@type\":\"BreadcrumbList\",\"@id\":\"https:\\\/\\\/acroellips.fr\\\/index.php\\\/les-tarifs\\\/#breadcrumb\",\"itemListElement\":[{\"@type\":\"ListItem\",\"position\":1,\"name\":\"Accueil\",\"item\":\"https:\\\/\\\/acroellips.fr\\\/\"},{\"@type\":\"ListItem\",\"position\":2,\"name\":\"Les Tarifs\"}]},{\"@type\":\"WebSite\",\"@id\":\"https:\\\/\\\/acroellips.fr\\\/#website\",\"url\":\"https:\\\/\\\/acroellips.fr\\\/\",\"name\":\"AcroEllip&#039;s\",\"description\":\"Cr\u00e9ateur de parenth\u00e8ses\",\"publisher\":{\"@id\":\"https:\\\/\\\/acroellips.fr\\\/#organization\"},\"potentialAction\":[{\"@type\":\"SearchAction\",\"target\":{\"@type\":\"EntryPoint\",\"urlTemplate\":\"https:\\\/\\\/acroellips.fr\\\/?s={search_term_string}\"},\"query-input\":{\"@type\":\"PropertyValueSpecification\",\"valueRequired\":true,\"valueName\":\"search_term_string\"}}],\"inLanguage\":\"fr-FR\"},{\"@type\":\"Organization\",\"@id\":\"https:\\\/\\\/acroellips.fr\\\/#organization\",\"name\":\"Acroellip's\",\"url\":\"https:\\\/\\\/acroellips.fr\\\/\",\"logo\":{\"@type\":\"ImageObject\",\"inLanguage\":\"fr-FR\",\"@id\":\"https:\\\/\\\/acroellips.fr\\\/#\\\/schema\\\/logo\\\/image\\\/\",\"url\":\"https:\\\/\\\/acroellips.fr\\\/wp-content\\\/uploads\\\/2022\\\/07\\\/acroellips.jpg\",\"contentUrl\":\"https:\\\/\\\/acroellips.fr\\\/wp-content\\\/uploads\\\/2022\\\/07\\\/acroellips.jpg\",\"width\":111,\"height\":104,\"caption\":\"Acroellip's\"},\"image\":{\"@id\":\"https:\\\/\\\/acroellips.fr\\\/#\\\/schema\\\/logo\\\/image\\\/\"},\"sameAs\":[\"https:\\\/\\\/facebook.com\\\/acroellips\",\"https:\\\/\\\/instagram.com\\\/acroellips\"]}]}<\/script>\n<!-- \/ Yoast SEO plugin. -->","yoast_head_json":{"title":"Les Tarifs - AcroEllip&#039;s","description":"Les Tarifs AcroEllip&#039;s Cours d'Acroyoga - Angers\/Saumur\/Dou\u00e9-en-Anjou - Adultes\/Parent-Enfant - QVCT - EVJF - EVG - Enterrement de vie de c\u00e9libataire - Entreprises - S\u00e9minaires - Team Building - Coh\u00e9sion","robots":{"index":"index","follow":"follow","max-snippet":"max-snippet:-1","max-image-preview":"max-image-preview:large","max-video-preview":"max-video-preview:-1"},"canonical":"https:\/\/acroellips.fr\/index.php\/les-tarifs\/","og_locale":"fr_FR","og_type":"article","og_title":"Les Tarifs - AcroEllip&#039;s","og_description":"Les Tarifs AcroEllip&#039;s Cours d'Acroyoga - Angers\/Saumur\/Dou\u00e9-en-Anjou - Adultes\/Parent-Enfant - QVCT - EVJF - EVG - Enterrement de vie de c\u00e9libataire - Entreprises - S\u00e9minaires - Team Building - Coh\u00e9sion","og_url":"https:\/\/acroellips.fr\/index.php\/les-tarifs\/","og_site_name":"AcroEllip&#039;s","article_publisher":"https:\/\/facebook.com\/acroellips","article_modified_time":"2025-06-01T18:58:28+00:00","twitter_card":"summary_large_image","twitter_misc":{"Dur\u00e9e de lecture estim\u00e9e":"1 minute"},"schema":{"@context":"https:\/\/schema.org","@graph":[{"@type":"WebPage","@id":"https:\/\/acroellips.fr\/index.php\/les-tarifs\/","url":"https:\/\/acroellips.fr\/index.php\/les-tarifs\/","name":"Les Tarifs - AcroEllip&#039;s","isPartOf":{"@id":"https:\/\/acroellips.fr\/#website"},"datePublished":"2023-10-30T17:40:45+00:00","dateModified":"2025-06-01T18:58:28+00:00","description":"Les Tarifs AcroEllip&#039;s Cours d'Acroyoga - Angers\/Saumur\/Dou\u00e9-en-Anjou - Adultes\/Parent-Enfant - QVCT - EVJF - EVG - Enterrement de vie de c\u00e9libataire - Entreprises - S\u00e9minaires - Team Building - Coh\u00e9sion","breadcrumb":{"@id":"https:\/\/acroellips.fr\/index.php\/les-tarifs\/#breadcrumb"},"inLanguage":"fr-FR","potentialAction":[{"@type":"ReadAction","target":["https:\/\/acroellips.fr\/index.php\/les-tarifs\/"]}]},{"@type":"BreadcrumbList","@id":"https:\/\/acroellips.fr\/index.php\/les-tarifs\/#breadcrumb","itemListElement":[{"@type":"ListItem","position":1,"name":"Accueil","item":"https:\/\/acroellips.fr\/"},{"@type":"ListItem","position":2,"name":"Les Tarifs"}]},{"@type":"WebSite","@id":"https:\/\/acroellips.fr\/#website","url":"https:\/\/acroellips.fr\/","name":"AcroEllip&#039;s","description":"Cr\u00e9ateur de parenth\u00e8ses","publisher":{"@id":"https:\/\/acroellips.fr\/#organization"},"potentialAction":[{"@type":"SearchAction","target":{"@type":"EntryPoint","urlTemplate":"https:\/\/acroellips.fr\/?s={search_term_string}"},"query-input":{"@type":"PropertyValueSpecification","valueRequired":true,"valueName":"search_term_string"}}],"inLanguage":"fr-FR"},{"@type":"Organization","@id":"https:\/\/acroellips.fr\/#organization","name":"Acroellip's","url":"https:\/\/acroellips.fr\/","logo":{"@type":"ImageObject","inLanguage":"fr-FR","@id":"https:\/\/acroellips.fr\/#\/schema\/logo\/image\/","url":"https:\/\/acroellips.fr\/wp-content\/uploads\/2022\/07\/acroellips.jpg","contentUrl":"https:\/\/acroellips.fr\/wp-content\/uploads\/2022\/07\/acroellips.jpg","width":111,"height":104,"caption":"Acroellip's"},"image":{"@id":"https:\/\/acroellips.fr\/#\/schema\/logo\/image\/"},"sameAs":["https:\/\/facebook.com\/acroellips","https:\/\/instagram.com\/acroellips"]}]}},"featured_media_urls":[],"_links":{"self":[{"href":"https:\/\/acroellips.fr\/index.php\/wp-json\/wp\/v2\/pages\/1459","targetHints":{"allow":["GET"]}}],"collection":[{"href":"https:\/\/acroellips.fr\/index.php\/wp-json\/wp\/v2\/pages"}],"about":[{"href":"https:\/\/acroellips.fr\/index.php\/wp-json\/wp\/v2\/types\/page"}],"author":[{"embeddable":true,"href":"https:\/\/acroellips.fr\/index.php\/wp-json\/wp\/v2\/users\/2"}],"replies":[{"embeddable":true,"href":"https:\/\/acroellips.fr\/index.php\/wp-json\/wp\/v2\/comments?post=1459"}],"version-history":[{"count":10,"href":"https:\/\/acroellips.fr\/index.php\/wp-json\/wp\/v2\/pages\/1459\/revisions"}],"predecessor-version":[{"id":2687,"href":"https:\/\/acroellips.fr\/index.php\/wp-json\/wp\/v2\/pages\/1459\/revisions\/2687"}],"wp:attachment":[{"href":"https:\/\/acroellips.fr\/index.php\/wp-json\/wp\/v2\/media?parent=1459"}],"curies":[{"name":"wp","href":"https:\/\/api.w.org\/{rel}","templated":true}]}}