{"id":1788,"date":"2024-05-14T13:44:02","date_gmt":"2024-05-14T11:44:02","guid":{"rendered":"https:\/\/acroellips.fr\/?page_id=1788"},"modified":"2025-04-16T17:34:27","modified_gmt":"2025-04-16T15:34:27","slug":"ils-nous-font-confiance","status":"publish","type":"page","link":"https:\/\/acroellips.fr\/index.php\/ils-nous-font-confiance\/","title":{"rendered":"Presse et Partenaires"},"content":{"rendered":"\n<h2 class=\"wp-block-heading\">Ils parlent de nous<\/h2>\n\n\n\n<figure class=\"wp-block-video\"><video height=\"480\" style=\"aspect-ratio: 848 \/ 480;\" width=\"848\" controls src=\"https:\/\/acroellips.fr\/wp-content\/uploads\/2024\/11\/reportage_angers_tv.mp4\"><\/video><\/figure>\n\n\n\n<p><\/p>\n\n\n\n<hr class=\"wp-block-separator alignwide has-alpha-channel-opacity\"\/>\n\n\n\n<p><\/p>\n\n\n\n<h2 class=\"wp-block-heading\">Ils nous font confiance<\/h2>\n\n\n\n<div class=\"alignnormal\"><div id=\"metaslider-id-2461\" style=\"width: 100%;\" class=\"ml-slider-3-97-0 metaslider metaslider-flex metaslider-2461 ml-slider has-onhover-arrows ms-theme-default-base has-carousel-mode has-dots-nav\" role=\"region\" aria-roledescription=\"Slideshow\" aria-label=\"Partenaires\" data-width=\"200\">\n    <div id=\"metaslider_container_2461\">\n        <div id=\"metaslider_2461\">\n            <ul class='slides'>\n                <li style=\"display: none; width: 100%;\" class=\"slide-2462 ms-image \" aria-roledescription=\"slide\" aria-label=\"slide-2462\" data-date=\"2025-04-15 17:48:10\"><img loading=\"lazy\" decoding=\"async\" src=\"https:\/\/acroellips.fr\/wp-content\/uploads\/2024\/06\/apetitspas_200x200-1.png\" height=\"200\" width=\"200\" alt=\"\" class=\"slider-2461 slide-2462\" title=\"apetitspas_200x200\" \/><\/li>\n                <li style=\"display: none; width: 100%;\" class=\"slide-2463 ms-image \" aria-roledescription=\"slide\" aria-label=\"slide-2463\" data-date=\"2025-04-15 17:48:10\"><img loading=\"lazy\" decoding=\"async\" src=\"https:\/\/acroellips.fr\/wp-content\/uploads\/2024\/05\/macreche.png\" height=\"200\" width=\"200\" alt=\"\" class=\"slider-2461 slide-2463\" title=\"macreche\" \/><\/li>\n                <li style=\"display: none; width: 100%;\" class=\"slide-2464 ms-image \" aria-roledescription=\"slide\" aria-label=\"slide-2464\" data-date=\"2025-04-15 17:48:11\"><img loading=\"lazy\" decoding=\"async\" src=\"https:\/\/acroellips.fr\/wp-content\/uploads\/2024\/05\/enjeu.png\" height=\"200\" width=\"200\" alt=\"\" class=\"slider-2461 slide-2464\" title=\"enjeu\" \/><\/li>\n                <li style=\"display: none; width: 100%;\" class=\"slide-2465 ms-image \" aria-roledescription=\"slide\" aria-label=\"slide-2465\" data-date=\"2025-04-15 17:48:11\"><img loading=\"lazy\" decoding=\"async\" src=\"https:\/\/acroellips.fr\/wp-content\/uploads\/2024\/05\/csd.png\" height=\"200\" width=\"200\" alt=\"\" class=\"slider-2461 slide-2465\" title=\"csd\" \/><\/li>\n                <li style=\"display: none; width: 100%;\" class=\"slide-2466 ms-image \" aria-roledescription=\"slide\" aria-label=\"slide-2466\" data-date=\"2025-04-15 17:48:11\"><img loading=\"lazy\" decoding=\"async\" src=\"https:\/\/acroellips.fr\/wp-content\/uploads\/2024\/05\/climbup.png\" height=\"200\" width=\"200\" alt=\"\" class=\"slider-2461 slide-2466\" title=\"climbup\" \/><\/li>\n                <li style=\"display: none; width: 100%;\" class=\"slide-2467 ms-image \" aria-roledescription=\"slide\" aria-label=\"slide-2467\" data-date=\"2025-04-15 17:48:11\"><img loading=\"lazy\" decoding=\"async\" src=\"https:\/\/acroellips.fr\/wp-content\/uploads\/2024\/05\/cjv-1.png\" height=\"200\" width=\"200\" alt=\"\" class=\"slider-2461 slide-2467\" title=\"cjv\" \/><\/li>\n                <li style=\"display: none; width: 100%;\" class=\"slide-2482 ms-image \" aria-roledescription=\"slide\" aria-label=\"slide-2482\" data-date=\"2025-04-15 19:38:24\"><img loading=\"lazy\" decoding=\"async\" src=\"https:\/\/acroellips.fr\/wp-content\/uploads\/2025\/04\/logo-archipel-2.png\" height=\"200\" width=\"200\" alt=\"\" class=\"slider-2461 slide-2482\" title=\"logo-archipel\" \/><\/li>\n            <\/ul>\n        <\/div>\n        \n    <\/div>\n<\/div><\/div>\n\n\n\n<p>Depuis 2023, ces entreprises font appel \u00e0 nous pour organiser des ateliers aupr\u00e8s de leur public ou pour leurs collaborateurs. Rejoignez-les! <\/p>\n\n\n\n<p><\/p>\n\n\n\n<p><\/p>\n\n\n\n<hr class=\"wp-block-separator has-alpha-channel-opacity\"\/>\n","protected":false},"excerpt":{"rendered":"<p>Ils parlent de nous Ils nous font confiance Depuis 2023, ces entreprises font appel \u00e0 nous pour organiser des ateliers aupr\u00e8s de leur public ou pour leurs collaborateurs. Rejoignez-les!<\/p>\n","protected":false},"author":2,"featured_media":0,"parent":0,"menu_order":0,"comment_status":"closed","ping_status":"closed","template":"","meta":{"ub_ctt_via":"","footnotes":""},"class_list":["post-1788","page","type-page","status-publish","hentry"],"featured_image_src":null,"yoast_head":"<!-- This site is optimized with the Yoast SEO plugin v27.4 - https:\/\/yoast.com\/product\/yoast-seo-wordpress\/ -->\n<title>Presse et Partenaires - AcroEllip&#039;s<\/title>\n<meta name=\"description\" content=\"Presse et Partenaires AcroEllip&#039;s Cours d&#039;Acroyoga - Angers\/Saumur\/Dou\u00e9-en-Anjou - Adultes\/Parent-Enfant - QVCT - EVJF - EVG - Enterrement de vie de c\u00e9libataire - Entreprises - S\u00e9minaires - Team Building - Coh\u00e9sion\" \/>\n<meta name=\"robots\" content=\"index, follow, max-snippet:-1, max-image-preview:large, max-video-preview:-1\" \/>\n<link rel=\"canonical\" href=\"https:\/\/acroellips.fr\/index.php\/ils-nous-font-confiance\/\" \/>\n<meta property=\"og:locale\" content=\"fr_FR\" \/>\n<meta property=\"og:type\" content=\"article\" \/>\n<meta property=\"og:title\" content=\"Presse et Partenaires - AcroEllip&#039;s\" \/>\n<meta property=\"og:description\" content=\"Presse et Partenaires AcroEllip&#039;s Cours d&#039;Acroyoga - Angers\/Saumur\/Dou\u00e9-en-Anjou - Adultes\/Parent-Enfant - QVCT - EVJF - EVG - Enterrement de vie de c\u00e9libataire - Entreprises - S\u00e9minaires - Team Building - Coh\u00e9sion\" \/>\n<meta property=\"og:url\" content=\"https:\/\/acroellips.fr\/index.php\/ils-nous-font-confiance\/\" \/>\n<meta property=\"og:site_name\" content=\"AcroEllip&#039;s\" \/>\n<meta property=\"article:publisher\" content=\"https:\/\/facebook.com\/acroellips\" \/>\n<meta property=\"article:modified_time\" content=\"2025-04-16T15:34:27+00:00\" \/>\n<meta name=\"twitter:card\" content=\"summary_large_image\" \/>\n<meta name=\"twitter:label1\" content=\"Dur\u00e9e de lecture estim\u00e9e\" \/>\n\t<meta name=\"twitter:data1\" content=\"1 minute\" \/>\n<script type=\"application\/ld+json\" class=\"yoast-schema-graph\">{\"@context\":\"https:\\\/\\\/schema.org\",\"@graph\":[{\"@type\":\"WebPage\",\"@id\":\"https:\\\/\\\/acroellips.fr\\\/index.php\\\/ils-nous-font-confiance\\\/\",\"url\":\"https:\\\/\\\/acroellips.fr\\\/index.php\\\/ils-nous-font-confiance\\\/\",\"name\":\"Presse et Partenaires - AcroEllip&#039;s\",\"isPartOf\":{\"@id\":\"https:\\\/\\\/acroellips.fr\\\/#website\"},\"datePublished\":\"2024-05-14T11:44:02+00:00\",\"dateModified\":\"2025-04-16T15:34:27+00:00\",\"description\":\"Presse et Partenaires AcroEllip&#039;s Cours d'Acroyoga - Angers\\\/Saumur\\\/Dou\u00e9-en-Anjou - Adultes\\\/Parent-Enfant - QVCT - EVJF - EVG - Enterrement de vie de c\u00e9libataire - Entreprises - S\u00e9minaires - Team Building - Coh\u00e9sion\",\"breadcrumb\":{\"@id\":\"https:\\\/\\\/acroellips.fr\\\/index.php\\\/ils-nous-font-confiance\\\/#breadcrumb\"},\"inLanguage\":\"fr-FR\",\"potentialAction\":[{\"@type\":\"ReadAction\",\"target\":[\"https:\\\/\\\/acroellips.fr\\\/index.php\\\/ils-nous-font-confiance\\\/\"]}]},{\"@type\":\"BreadcrumbList\",\"@id\":\"https:\\\/\\\/acroellips.fr\\\/index.php\\\/ils-nous-font-confiance\\\/#breadcrumb\",\"itemListElement\":[{\"@type\":\"ListItem\",\"position\":1,\"name\":\"Accueil\",\"item\":\"https:\\\/\\\/acroellips.fr\\\/\"},{\"@type\":\"ListItem\",\"position\":2,\"name\":\"Presse et Partenaires\"}]},{\"@type\":\"WebSite\",\"@id\":\"https:\\\/\\\/acroellips.fr\\\/#website\",\"url\":\"https:\\\/\\\/acroellips.fr\\\/\",\"name\":\"AcroEllip&#039;s\",\"description\":\"Cr\u00e9ateur de parenth\u00e8ses\",\"publisher\":{\"@id\":\"https:\\\/\\\/acroellips.fr\\\/#organization\"},\"potentialAction\":[{\"@type\":\"SearchAction\",\"target\":{\"@type\":\"EntryPoint\",\"urlTemplate\":\"https:\\\/\\\/acroellips.fr\\\/?s={search_term_string}\"},\"query-input\":{\"@type\":\"PropertyValueSpecification\",\"valueRequired\":true,\"valueName\":\"search_term_string\"}}],\"inLanguage\":\"fr-FR\"},{\"@type\":\"Organization\",\"@id\":\"https:\\\/\\\/acroellips.fr\\\/#organization\",\"name\":\"Acroellip's\",\"url\":\"https:\\\/\\\/acroellips.fr\\\/\",\"logo\":{\"@type\":\"ImageObject\",\"inLanguage\":\"fr-FR\",\"@id\":\"https:\\\/\\\/acroellips.fr\\\/#\\\/schema\\\/logo\\\/image\\\/\",\"url\":\"https:\\\/\\\/acroellips.fr\\\/wp-content\\\/uploads\\\/2022\\\/07\\\/acroellips.jpg\",\"contentUrl\":\"https:\\\/\\\/acroellips.fr\\\/wp-content\\\/uploads\\\/2022\\\/07\\\/acroellips.jpg\",\"width\":111,\"height\":104,\"caption\":\"Acroellip's\"},\"image\":{\"@id\":\"https:\\\/\\\/acroellips.fr\\\/#\\\/schema\\\/logo\\\/image\\\/\"},\"sameAs\":[\"https:\\\/\\\/facebook.com\\\/acroellips\",\"https:\\\/\\\/instagram.com\\\/acroellips\"]}]}<\/script>\n<!-- \/ Yoast SEO plugin. -->","yoast_head_json":{"title":"Presse et Partenaires - AcroEllip&#039;s","description":"Presse et Partenaires AcroEllip&#039;s Cours d'Acroyoga - Angers\/Saumur\/Dou\u00e9-en-Anjou - Adultes\/Parent-Enfant - QVCT - EVJF - EVG - Enterrement de vie de c\u00e9libataire - Entreprises - S\u00e9minaires - Team Building - Coh\u00e9sion","robots":{"index":"index","follow":"follow","max-snippet":"max-snippet:-1","max-image-preview":"max-image-preview:large","max-video-preview":"max-video-preview:-1"},"canonical":"https:\/\/acroellips.fr\/index.php\/ils-nous-font-confiance\/","og_locale":"fr_FR","og_type":"article","og_title":"Presse et Partenaires - AcroEllip&#039;s","og_description":"Presse et Partenaires AcroEllip&#039;s Cours d'Acroyoga - Angers\/Saumur\/Dou\u00e9-en-Anjou - Adultes\/Parent-Enfant - QVCT - EVJF - EVG - Enterrement de vie de c\u00e9libataire - Entreprises - S\u00e9minaires - Team Building - Coh\u00e9sion","og_url":"https:\/\/acroellips.fr\/index.php\/ils-nous-font-confiance\/","og_site_name":"AcroEllip&#039;s","article_publisher":"https:\/\/facebook.com\/acroellips","article_modified_time":"2025-04-16T15:34:27+00:00","twitter_card":"summary_large_image","twitter_misc":{"Dur\u00e9e de lecture estim\u00e9e":"1 minute"},"schema":{"@context":"https:\/\/schema.org","@graph":[{"@type":"WebPage","@id":"https:\/\/acroellips.fr\/index.php\/ils-nous-font-confiance\/","url":"https:\/\/acroellips.fr\/index.php\/ils-nous-font-confiance\/","name":"Presse et Partenaires - AcroEllip&#039;s","isPartOf":{"@id":"https:\/\/acroellips.fr\/#website"},"datePublished":"2024-05-14T11:44:02+00:00","dateModified":"2025-04-16T15:34:27+00:00","description":"Presse et Partenaires AcroEllip&#039;s Cours d'Acroyoga - Angers\/Saumur\/Dou\u00e9-en-Anjou - Adultes\/Parent-Enfant - QVCT - EVJF - EVG - Enterrement de vie de c\u00e9libataire - Entreprises - S\u00e9minaires - Team Building - Coh\u00e9sion","breadcrumb":{"@id":"https:\/\/acroellips.fr\/index.php\/ils-nous-font-confiance\/#breadcrumb"},"inLanguage":"fr-FR","potentialAction":[{"@type":"ReadAction","target":["https:\/\/acroellips.fr\/index.php\/ils-nous-font-confiance\/"]}]},{"@type":"BreadcrumbList","@id":"https:\/\/acroellips.fr\/index.php\/ils-nous-font-confiance\/#breadcrumb","itemListElement":[{"@type":"ListItem","position":1,"name":"Accueil","item":"https:\/\/acroellips.fr\/"},{"@type":"ListItem","position":2,"name":"Presse et Partenaires"}]},{"@type":"WebSite","@id":"https:\/\/acroellips.fr\/#website","url":"https:\/\/acroellips.fr\/","name":"AcroEllip&#039;s","description":"Cr\u00e9ateur de parenth\u00e8ses","publisher":{"@id":"https:\/\/acroellips.fr\/#organization"},"potentialAction":[{"@type":"SearchAction","target":{"@type":"EntryPoint","urlTemplate":"https:\/\/acroellips.fr\/?s={search_term_string}"},"query-input":{"@type":"PropertyValueSpecification","valueRequired":true,"valueName":"search_term_string"}}],"inLanguage":"fr-FR"},{"@type":"Organization","@id":"https:\/\/acroellips.fr\/#organization","name":"Acroellip's","url":"https:\/\/acroellips.fr\/","logo":{"@type":"ImageObject","inLanguage":"fr-FR","@id":"https:\/\/acroellips.fr\/#\/schema\/logo\/image\/","url":"https:\/\/acroellips.fr\/wp-content\/uploads\/2022\/07\/acroellips.jpg","contentUrl":"https:\/\/acroellips.fr\/wp-content\/uploads\/2022\/07\/acroellips.jpg","width":111,"height":104,"caption":"Acroellip's"},"image":{"@id":"https:\/\/acroellips.fr\/#\/schema\/logo\/image\/"},"sameAs":["https:\/\/facebook.com\/acroellips","https:\/\/instagram.com\/acroellips"]}]}},"featured_media_urls":[],"_links":{"self":[{"href":"https:\/\/acroellips.fr\/index.php\/wp-json\/wp\/v2\/pages\/1788","targetHints":{"allow":["GET"]}}],"collection":[{"href":"https:\/\/acroellips.fr\/index.php\/wp-json\/wp\/v2\/pages"}],"about":[{"href":"https:\/\/acroellips.fr\/index.php\/wp-json\/wp\/v2\/types\/page"}],"author":[{"embeddable":true,"href":"https:\/\/acroellips.fr\/index.php\/wp-json\/wp\/v2\/users\/2"}],"replies":[{"embeddable":true,"href":"https:\/\/acroellips.fr\/index.php\/wp-json\/wp\/v2\/comments?post=1788"}],"version-history":[{"count":34,"href":"https:\/\/acroellips.fr\/index.php\/wp-json\/wp\/v2\/pages\/1788\/revisions"}],"predecessor-version":[{"id":2653,"href":"https:\/\/acroellips.fr\/index.php\/wp-json\/wp\/v2\/pages\/1788\/revisions\/2653"}],"wp:attachment":[{"href":"https:\/\/acroellips.fr\/index.php\/wp-json\/wp\/v2\/media?parent=1788"}],"curies":[{"name":"wp","href":"https:\/\/api.w.org\/{rel}","templated":true}]}}