{"id":1996,"date":"2024-08-22T12:39:12","date_gmt":"2024-08-22T10:39:12","guid":{"rendered":"https:\/\/acroellips.fr\/?page_id=1996"},"modified":"2024-08-23T19:29:37","modified_gmt":"2024-08-23T17:29:37","slug":"bon-cadeau","status":"publish","type":"page","link":"https:\/\/acroellips.fr\/index.php\/bon-cadeau\/","title":{"rendered":"Bon cadeau"},"content":{"rendered":"\n<figure class=\"wp-block-image size-large\"><img loading=\"lazy\" decoding=\"async\" width=\"1024\" height=\"439\" src=\"https:\/\/acroellips.fr\/wp-content\/uploads\/2024\/08\/bon-Cadeau_trame-1024x439.png\" alt=\"\" class=\"wp-image-2005\" srcset=\"https:\/\/acroellips.fr\/wp-content\/uploads\/2024\/08\/bon-Cadeau_trame-1024x439.png 1024w, https:\/\/acroellips.fr\/wp-content\/uploads\/2024\/08\/bon-Cadeau_trame-300x129.png 300w, https:\/\/acroellips.fr\/wp-content\/uploads\/2024\/08\/bon-Cadeau_trame-768x329.png 768w, https:\/\/acroellips.fr\/wp-content\/uploads\/2024\/08\/bon-Cadeau_trame-1536x658.png 1536w, https:\/\/acroellips.fr\/wp-content\/uploads\/2024\/08\/bon-Cadeau_trame-600x257.png 600w, https:\/\/acroellips.fr\/wp-content\/uploads\/2024\/08\/bon-Cadeau_trame-1200x514.png 1200w, https:\/\/acroellips.fr\/wp-content\/uploads\/2024\/08\/bon-Cadeau_trame.png 2000w\" sizes=\"auto, (max-width: 1024px) 100vw, 1024px\" \/><\/figure>\n\n\n\n<p>G\u00e2tez vous proches! Tous les moments de la vie sont propices pour faire plaisir et faire d\u00e9couvrir l&rsquo;Acroyoga&#8230; C&rsquo;est une nouvelle exp\u00e9rience unique qui change la vie!<\/p>\n\n\n\n<p>Nous avons \u00e0 c\u0153ur de comprendre vos envies. C&rsquo;est pour cela que d\u00e8s r\u00e9ception de votre demande nous vous contacterons afin de d\u00e9finir vos besoins ensemble et finaliser la commande du bon cadeau. Celui-ci vous sera envoy\u00e9 par mail (sous 48h).<\/p>\n\n\n\n<p>Tous nos bons sont valables 1 an \u00e0 compter de la date de r\u00e8glement.<\/p>\n\n\n\n<p><\/p>\n\n\n\n<p>Plut\u00f4t que de vous faire remplir un immense formulaire, nous vous proposons de revenir vers vous. Donnez nous simplement les moyens de vous recontacter:<\/p>\n\n\n<div class=\"wpforms-container wpforms-container-full wpforms-render-modern\" id=\"wpforms-1999\"><form id=\"wpforms-form-1999\" class=\"wpforms-validate wpforms-form wpforms-ajax-form\" data-formid=\"1999\" method=\"post\" enctype=\"multipart\/form-data\" action=\"\/index.php\/wp-json\/wp\/v2\/pages\/1996\" data-token=\"e511e96b83794cc0f75bd15e46ae4c83\"><noscript class=\"wpforms-error-noscript\">Veuillez activer JavaScript dans votre navigateur pour remplir ce formulaire.<\/noscript><div class=\"wpforms-hidden\" id=\"wpforms-error-noscript\">Veuillez activer JavaScript dans votre navigateur pour remplir ce formulaire.<\/div><div class=\"wpforms-field-container\"><div id=\"wpforms-1999-field_0-container\" class=\"wpforms-field wpforms-field-name\" data-field-id=\"0\"><label class=\"wpforms-field-label\" for=\"wpforms-1999-field_0\">Nom <span class=\"wpforms-required-label\" aria-hidden=\"true\">*<\/span><\/label><input type=\"text\" id=\"wpforms-1999-field_0\" class=\"wpforms-field-medium wpforms-field-required\" name=\"wpforms[fields][0]\" aria-errormessage=\"wpforms-1999-field_0-error\" required><\/div><div id=\"wpforms-1999-field_1-container\" class=\"wpforms-field wpforms-field-email\" data-field-id=\"1\"><label class=\"wpforms-field-label\" for=\"wpforms-1999-field_1\">E-mail <span class=\"wpforms-required-label\" aria-hidden=\"true\">*<\/span><\/label><input type=\"email\" id=\"wpforms-1999-field_1\" class=\"wpforms-field-medium wpforms-field-required\" name=\"wpforms[fields][1]\" spellcheck=\"false\" aria-errormessage=\"wpforms-1999-field_1-error\" required><\/div><div id=\"wpforms-1999-field_3-container\" class=\"wpforms-field wpforms-field-number\" data-field-id=\"3\"><label class=\"wpforms-field-label\" for=\"wpforms-1999-field_3\">T\u00e9l\u00e9phone<\/label><input type=\"number\" pattern=\"\\d*\" id=\"wpforms-1999-field_3\" class=\"wpforms-field-medium\" name=\"wpforms[fields][3]\" aria-errormessage=\"wpforms-1999-field_3-error\" aria-describedby=\"wpforms-1999-field_3-description\" ><div id=\"wpforms-1999-field_3-description\" class=\"wpforms-field-description\">Afin d'acc\u00e9lerer la prise de contact, merci de renseigner votre num\u00e9ro de t\u00e9l\u00e9phone<\/div><\/div><div id=\"wpforms-1999-field_2-container\" class=\"wpforms-field wpforms-field-textarea\" data-field-id=\"2\"><label class=\"wpforms-field-label\" for=\"wpforms-1999-field_2\">Commentaire ou message<\/label><textarea id=\"wpforms-1999-field_2\" class=\"wpforms-field-medium\" name=\"wpforms[fields][2]\" aria-errormessage=\"wpforms-1999-field_2-error\" aria-describedby=\"wpforms-1999-field_2-description\" ><\/textarea><div id=\"wpforms-1999-field_2-description\" class=\"wpforms-field-description\">Les informations renseign\u00e9es ne sont pas conserv\u00e9es et ne sont utilis\u00e9es que pour la mise en relation suite \u00e0 votre demande<\/div><\/div><div id=\"wpforms-1999-field_4-container\" class=\"wpforms-field wpforms-field-checkbox\" data-field-id=\"4\"><fieldset><legend class=\"wpforms-field-label\">En soumettant ce formulaire, vous acceptez que les informations renseign\u00e9es soient utilis\u00e9es pour traiter votre demande. <span class=\"wpforms-required-label\" aria-hidden=\"true\">*<\/span><\/legend><ul id=\"wpforms-1999-field_4\" class=\"wpforms-field-required\"><li class=\"choice-1 depth-1\"><input type=\"checkbox\" id=\"wpforms-1999-field_4_1\" name=\"wpforms[fields][4][]\" value=\"J&#039;accepte\" aria-errormessage=\"wpforms-1999-field_4_1-error\" required ><label class=\"wpforms-field-label-inline\" for=\"wpforms-1999-field_4_1\">J'accepte<\/label><\/li><\/ul><\/fieldset><\/div><\/div><!-- .wpforms-field-container --><div class=\"wpforms-recaptcha-container wpforms-is-recaptcha\" ><div class=\"g-recaptcha\" data-sitekey=\"6Lfq1R8qAAAAAJIBAdtnI2t_UgbvT1BrGKywxZOm\"><\/div><input type=\"text\" name=\"g-recaptcha-hidden\" class=\"wpforms-recaptcha-hidden\" style=\"position:absolute!important;clip:rect(0,0,0,0)!important;height:1px!important;width:1px!important;border:0!important;overflow:hidden!important;padding:0!important;margin:0!important;\" data-rule-recaptcha=\"1\"><\/div><div class=\"wpforms-submit-container\" ><input type=\"hidden\" name=\"wpforms[id]\" value=\"1999\"><input type=\"hidden\" name=\"wpforms[author]\" value=\"2\"><button type=\"submit\" name=\"wpforms[submit]\" id=\"wpforms-submit-1999\" class=\"wpforms-submit\" data-alt-text=\"Envoi de la demande...\" data-submit-text=\"Je veux \u00eatre recontact\u00e9(e)...\" aria-live=\"assertive\" value=\"wpforms-submit\">Je veux \u00eatre recontact\u00e9(e)...<\/button><img loading=\"lazy\" decoding=\"async\" src=\"https:\/\/acroellips.fr\/wp-content\/plugins\/wpforms-lite\/assets\/images\/submit-spin.svg\" class=\"wpforms-submit-spinner\" style=\"display: none;\" width=\"26\" height=\"26\" alt=\"Chargement en cours\"><\/div><\/form><\/div>  <!-- .wpforms-container -->\n","protected":false},"excerpt":{"rendered":"<p>G\u00e2tez vous proches! Tous les moments de la vie sont propices pour faire plaisir et faire d\u00e9couvrir l&rsquo;Acroyoga&#8230; C&rsquo;est une nouvelle exp\u00e9rience unique qui change la vie! Nous avons \u00e0 c\u0153ur de comprendre vos envies. C&rsquo;est pour cela que d\u00e8s r\u00e9ception de votre demande nous vous contacterons afin de d\u00e9finir vos besoins ensemble et finaliser &hellip; <\/p>\n<p class=\"link-more\"><a href=\"https:\/\/acroellips.fr\/index.php\/bon-cadeau\/\" class=\"more-link\">Lire la suite de<span class=\"screen-reader-text\">\u00ab\u00a0Bon cadeau\u00a0\u00bb<\/span><\/a><\/p>\n","protected":false},"author":2,"featured_media":0,"parent":0,"menu_order":0,"comment_status":"closed","ping_status":"closed","template":"","meta":{"ub_ctt_via":"","footnotes":""},"class_list":["post-1996","page","type-page","status-publish","hentry"],"featured_image_src":null,"yoast_head":"<!-- This site is optimized with the Yoast SEO plugin v27.4 - https:\/\/yoast.com\/product\/yoast-seo-wordpress\/ -->\n<title>Bon cadeau - AcroEllip&#039;s<\/title>\n<meta name=\"description\" content=\"Bon cadeau AcroEllip&#039;s Cours d&#039;Acroyoga - Angers\/Saumur\/Dou\u00e9-en-Anjou - Adultes\/Parent-Enfant - QVCT - EVJF - EVG - Enterrement de vie de c\u00e9libataire - Entreprises - S\u00e9minaires - Team Building - Coh\u00e9sion\" \/>\n<meta name=\"robots\" content=\"index, follow, max-snippet:-1, max-image-preview:large, max-video-preview:-1\" \/>\n<link rel=\"canonical\" href=\"https:\/\/acroellips.fr\/index.php\/bon-cadeau\/\" \/>\n<meta property=\"og:locale\" content=\"fr_FR\" \/>\n<meta property=\"og:type\" content=\"article\" \/>\n<meta property=\"og:title\" content=\"Bon cadeau - AcroEllip&#039;s\" \/>\n<meta property=\"og:description\" content=\"Bon cadeau AcroEllip&#039;s Cours d&#039;Acroyoga - Angers\/Saumur\/Dou\u00e9-en-Anjou - Adultes\/Parent-Enfant - QVCT - EVJF - EVG - Enterrement de vie de c\u00e9libataire - Entreprises - S\u00e9minaires - Team Building - Coh\u00e9sion\" \/>\n<meta property=\"og:url\" content=\"https:\/\/acroellips.fr\/index.php\/bon-cadeau\/\" \/>\n<meta property=\"og:site_name\" content=\"AcroEllip&#039;s\" \/>\n<meta property=\"article:publisher\" content=\"https:\/\/facebook.com\/acroellips\" \/>\n<meta property=\"article:modified_time\" content=\"2024-08-23T17:29:37+00:00\" \/>\n<meta property=\"og:image\" content=\"https:\/\/acroellips.fr\/wp-content\/uploads\/2024\/08\/bon-Cadeau_trame-1024x439.png\" \/>\n<meta name=\"twitter:card\" content=\"summary_large_image\" \/>\n<meta name=\"twitter:label1\" content=\"Dur\u00e9e de lecture estim\u00e9e\" \/>\n\t<meta name=\"twitter:data1\" content=\"1 minute\" \/>\n<script type=\"application\/ld+json\" class=\"yoast-schema-graph\">{\"@context\":\"https:\\\/\\\/schema.org\",\"@graph\":[{\"@type\":\"WebPage\",\"@id\":\"https:\\\/\\\/acroellips.fr\\\/index.php\\\/bon-cadeau\\\/\",\"url\":\"https:\\\/\\\/acroellips.fr\\\/index.php\\\/bon-cadeau\\\/\",\"name\":\"Bon cadeau - AcroEllip&#039;s\",\"isPartOf\":{\"@id\":\"https:\\\/\\\/acroellips.fr\\\/#website\"},\"primaryImageOfPage\":{\"@id\":\"https:\\\/\\\/acroellips.fr\\\/index.php\\\/bon-cadeau\\\/#primaryimage\"},\"image\":{\"@id\":\"https:\\\/\\\/acroellips.fr\\\/index.php\\\/bon-cadeau\\\/#primaryimage\"},\"thumbnailUrl\":\"https:\\\/\\\/acroellips.fr\\\/wp-content\\\/uploads\\\/2024\\\/08\\\/bon-Cadeau_trame-1024x439.png\",\"datePublished\":\"2024-08-22T10:39:12+00:00\",\"dateModified\":\"2024-08-23T17:29:37+00:00\",\"description\":\"Bon cadeau AcroEllip&#039;s Cours d'Acroyoga - Angers\\\/Saumur\\\/Dou\u00e9-en-Anjou - Adultes\\\/Parent-Enfant - QVCT - EVJF - EVG - Enterrement de vie de c\u00e9libataire - Entreprises - S\u00e9minaires - Team Building - Coh\u00e9sion\",\"breadcrumb\":{\"@id\":\"https:\\\/\\\/acroellips.fr\\\/index.php\\\/bon-cadeau\\\/#breadcrumb\"},\"inLanguage\":\"fr-FR\",\"potentialAction\":[{\"@type\":\"ReadAction\",\"target\":[\"https:\\\/\\\/acroellips.fr\\\/index.php\\\/bon-cadeau\\\/\"]}]},{\"@type\":\"ImageObject\",\"inLanguage\":\"fr-FR\",\"@id\":\"https:\\\/\\\/acroellips.fr\\\/index.php\\\/bon-cadeau\\\/#primaryimage\",\"url\":\"https:\\\/\\\/acroellips.fr\\\/wp-content\\\/uploads\\\/2024\\\/08\\\/bon-Cadeau_trame.png\",\"contentUrl\":\"https:\\\/\\\/acroellips.fr\\\/wp-content\\\/uploads\\\/2024\\\/08\\\/bon-Cadeau_trame.png\",\"width\":2000,\"height\":857},{\"@type\":\"BreadcrumbList\",\"@id\":\"https:\\\/\\\/acroellips.fr\\\/index.php\\\/bon-cadeau\\\/#breadcrumb\",\"itemListElement\":[{\"@type\":\"ListItem\",\"position\":1,\"name\":\"Accueil\",\"item\":\"https:\\\/\\\/acroellips.fr\\\/\"},{\"@type\":\"ListItem\",\"position\":2,\"name\":\"Bon cadeau\"}]},{\"@type\":\"WebSite\",\"@id\":\"https:\\\/\\\/acroellips.fr\\\/#website\",\"url\":\"https:\\\/\\\/acroellips.fr\\\/\",\"name\":\"AcroEllip&#039;s\",\"description\":\"Cr\u00e9ateur de parenth\u00e8ses\",\"publisher\":{\"@id\":\"https:\\\/\\\/acroellips.fr\\\/#organization\"},\"potentialAction\":[{\"@type\":\"SearchAction\",\"target\":{\"@type\":\"EntryPoint\",\"urlTemplate\":\"https:\\\/\\\/acroellips.fr\\\/?s={search_term_string}\"},\"query-input\":{\"@type\":\"PropertyValueSpecification\",\"valueRequired\":true,\"valueName\":\"search_term_string\"}}],\"inLanguage\":\"fr-FR\"},{\"@type\":\"Organization\",\"@id\":\"https:\\\/\\\/acroellips.fr\\\/#organization\",\"name\":\"Acroellip's\",\"url\":\"https:\\\/\\\/acroellips.fr\\\/\",\"logo\":{\"@type\":\"ImageObject\",\"inLanguage\":\"fr-FR\",\"@id\":\"https:\\\/\\\/acroellips.fr\\\/#\\\/schema\\\/logo\\\/image\\\/\",\"url\":\"https:\\\/\\\/acroellips.fr\\\/wp-content\\\/uploads\\\/2022\\\/07\\\/acroellips.jpg\",\"contentUrl\":\"https:\\\/\\\/acroellips.fr\\\/wp-content\\\/uploads\\\/2022\\\/07\\\/acroellips.jpg\",\"width\":111,\"height\":104,\"caption\":\"Acroellip's\"},\"image\":{\"@id\":\"https:\\\/\\\/acroellips.fr\\\/#\\\/schema\\\/logo\\\/image\\\/\"},\"sameAs\":[\"https:\\\/\\\/facebook.com\\\/acroellips\",\"https:\\\/\\\/instagram.com\\\/acroellips\"]}]}<\/script>\n<!-- \/ Yoast SEO plugin. -->","yoast_head_json":{"title":"Bon cadeau - AcroEllip&#039;s","description":"Bon cadeau AcroEllip&#039;s Cours d'Acroyoga - Angers\/Saumur\/Dou\u00e9-en-Anjou - Adultes\/Parent-Enfant - QVCT - EVJF - EVG - Enterrement de vie de c\u00e9libataire - Entreprises - S\u00e9minaires - Team Building - Coh\u00e9sion","robots":{"index":"index","follow":"follow","max-snippet":"max-snippet:-1","max-image-preview":"max-image-preview:large","max-video-preview":"max-video-preview:-1"},"canonical":"https:\/\/acroellips.fr\/index.php\/bon-cadeau\/","og_locale":"fr_FR","og_type":"article","og_title":"Bon cadeau - AcroEllip&#039;s","og_description":"Bon cadeau AcroEllip&#039;s Cours d'Acroyoga - Angers\/Saumur\/Dou\u00e9-en-Anjou - Adultes\/Parent-Enfant - QVCT - EVJF - EVG - Enterrement de vie de c\u00e9libataire - Entreprises - S\u00e9minaires - Team Building - Coh\u00e9sion","og_url":"https:\/\/acroellips.fr\/index.php\/bon-cadeau\/","og_site_name":"AcroEllip&#039;s","article_publisher":"https:\/\/facebook.com\/acroellips","article_modified_time":"2024-08-23T17:29:37+00:00","og_image":[{"url":"https:\/\/acroellips.fr\/wp-content\/uploads\/2024\/08\/bon-Cadeau_trame-1024x439.png","type":"","width":"","height":""}],"twitter_card":"summary_large_image","twitter_misc":{"Dur\u00e9e de lecture estim\u00e9e":"1 minute"},"schema":{"@context":"https:\/\/schema.org","@graph":[{"@type":"WebPage","@id":"https:\/\/acroellips.fr\/index.php\/bon-cadeau\/","url":"https:\/\/acroellips.fr\/index.php\/bon-cadeau\/","name":"Bon cadeau - AcroEllip&#039;s","isPartOf":{"@id":"https:\/\/acroellips.fr\/#website"},"primaryImageOfPage":{"@id":"https:\/\/acroellips.fr\/index.php\/bon-cadeau\/#primaryimage"},"image":{"@id":"https:\/\/acroellips.fr\/index.php\/bon-cadeau\/#primaryimage"},"thumbnailUrl":"https:\/\/acroellips.fr\/wp-content\/uploads\/2024\/08\/bon-Cadeau_trame-1024x439.png","datePublished":"2024-08-22T10:39:12+00:00","dateModified":"2024-08-23T17:29:37+00:00","description":"Bon cadeau AcroEllip&#039;s Cours d'Acroyoga - Angers\/Saumur\/Dou\u00e9-en-Anjou - Adultes\/Parent-Enfant - QVCT - EVJF - EVG - Enterrement de vie de c\u00e9libataire - Entreprises - S\u00e9minaires - Team Building - Coh\u00e9sion","breadcrumb":{"@id":"https:\/\/acroellips.fr\/index.php\/bon-cadeau\/#breadcrumb"},"inLanguage":"fr-FR","potentialAction":[{"@type":"ReadAction","target":["https:\/\/acroellips.fr\/index.php\/bon-cadeau\/"]}]},{"@type":"ImageObject","inLanguage":"fr-FR","@id":"https:\/\/acroellips.fr\/index.php\/bon-cadeau\/#primaryimage","url":"https:\/\/acroellips.fr\/wp-content\/uploads\/2024\/08\/bon-Cadeau_trame.png","contentUrl":"https:\/\/acroellips.fr\/wp-content\/uploads\/2024\/08\/bon-Cadeau_trame.png","width":2000,"height":857},{"@type":"BreadcrumbList","@id":"https:\/\/acroellips.fr\/index.php\/bon-cadeau\/#breadcrumb","itemListElement":[{"@type":"ListItem","position":1,"name":"Accueil","item":"https:\/\/acroellips.fr\/"},{"@type":"ListItem","position":2,"name":"Bon cadeau"}]},{"@type":"WebSite","@id":"https:\/\/acroellips.fr\/#website","url":"https:\/\/acroellips.fr\/","name":"AcroEllip&#039;s","description":"Cr\u00e9ateur de parenth\u00e8ses","publisher":{"@id":"https:\/\/acroellips.fr\/#organization"},"potentialAction":[{"@type":"SearchAction","target":{"@type":"EntryPoint","urlTemplate":"https:\/\/acroellips.fr\/?s={search_term_string}"},"query-input":{"@type":"PropertyValueSpecification","valueRequired":true,"valueName":"search_term_string"}}],"inLanguage":"fr-FR"},{"@type":"Organization","@id":"https:\/\/acroellips.fr\/#organization","name":"Acroellip's","url":"https:\/\/acroellips.fr\/","logo":{"@type":"ImageObject","inLanguage":"fr-FR","@id":"https:\/\/acroellips.fr\/#\/schema\/logo\/image\/","url":"https:\/\/acroellips.fr\/wp-content\/uploads\/2022\/07\/acroellips.jpg","contentUrl":"https:\/\/acroellips.fr\/wp-content\/uploads\/2022\/07\/acroellips.jpg","width":111,"height":104,"caption":"Acroellip's"},"image":{"@id":"https:\/\/acroellips.fr\/#\/schema\/logo\/image\/"},"sameAs":["https:\/\/facebook.com\/acroellips","https:\/\/instagram.com\/acroellips"]}]}},"featured_media_urls":[],"_links":{"self":[{"href":"https:\/\/acroellips.fr\/index.php\/wp-json\/wp\/v2\/pages\/1996","targetHints":{"allow":["GET"]}}],"collection":[{"href":"https:\/\/acroellips.fr\/index.php\/wp-json\/wp\/v2\/pages"}],"about":[{"href":"https:\/\/acroellips.fr\/index.php\/wp-json\/wp\/v2\/types\/page"}],"author":[{"embeddable":true,"href":"https:\/\/acroellips.fr\/index.php\/wp-json\/wp\/v2\/users\/2"}],"replies":[{"embeddable":true,"href":"https:\/\/acroellips.fr\/index.php\/wp-json\/wp\/v2\/comments?post=1996"}],"version-history":[{"count":3,"href":"https:\/\/acroellips.fr\/index.php\/wp-json\/wp\/v2\/pages\/1996\/revisions"}],"predecessor-version":[{"id":2011,"href":"https:\/\/acroellips.fr\/index.php\/wp-json\/wp\/v2\/pages\/1996\/revisions\/2011"}],"wp:attachment":[{"href":"https:\/\/acroellips.fr\/index.php\/wp-json\/wp\/v2\/media?parent=1996"}],"curies":[{"name":"wp","href":"https:\/\/api.w.org\/{rel}","templated":true}]}}