{"id":214,"date":"2022-07-26T18:44:31","date_gmt":"2022-07-26T16:44:31","guid":{"rendered":"https:\/\/acroellips.fr\/?page_id=214"},"modified":"2026-01-29T18:48:18","modified_gmt":"2026-01-29T17:48:18","slug":"agenda","status":"publish","type":"page","link":"https:\/\/acroellips.fr\/index.php\/agenda\/","title":{"rendered":"Agenda"},"content":{"rendered":"\n<div class=\"wp-block-cover alignfull is-light\"><span aria-hidden=\"true\" class=\"wp-block-cover__background has-white-background-color has-background-dim-100 has-background-dim\"><\/span><div class=\"wp-block-cover__inner-container is-layout-constrained wp-block-cover-is-layout-constrained\">\n<div class=\"wp-block-columns is-layout-flex wp-container-core-columns-is-layout-9d6595d7 wp-block-columns-is-layout-flex\">\n<div class=\"wp-block-column is-layout-flow wp-block-column-is-layout-flow\"><div class=\"wp-block-image\">\n<figure class=\"aligncenter size-large\"><img loading=\"lazy\" decoding=\"async\" width=\"819\" height=\"1024\" src=\"https:\/\/acroellips.fr\/wp-content\/uploads\/2025\/09\/SEANCES-DECOUVERTE-et-cours-tarifs-2025_20250919_101337_0004-819x1024.png\" alt=\"\" class=\"wp-image-2730\" srcset=\"https:\/\/acroellips.fr\/wp-content\/uploads\/2025\/09\/SEANCES-DECOUVERTE-et-cours-tarifs-2025_20250919_101337_0004-819x1024.png 819w, https:\/\/acroellips.fr\/wp-content\/uploads\/2025\/09\/SEANCES-DECOUVERTE-et-cours-tarifs-2025_20250919_101337_0004-240x300.png 240w, https:\/\/acroellips.fr\/wp-content\/uploads\/2025\/09\/SEANCES-DECOUVERTE-et-cours-tarifs-2025_20250919_101337_0004-768x960.png 768w, https:\/\/acroellips.fr\/wp-content\/uploads\/2025\/09\/SEANCES-DECOUVERTE-et-cours-tarifs-2025_20250919_101337_0004-600x750.png 600w, https:\/\/acroellips.fr\/wp-content\/uploads\/2025\/09\/SEANCES-DECOUVERTE-et-cours-tarifs-2025_20250919_101337_0004.png 1080w\" sizes=\"auto, (max-width: 819px) 100vw, 819px\" \/><\/figure>\n<\/div><\/div>\n\n\n\n<div class=\"wp-block-column is-layout-flow wp-block-column-is-layout-flow\"><div class=\"wp-block-image\">\n<figure class=\"aligncenter size-large\"><img loading=\"lazy\" decoding=\"async\" width=\"819\" height=\"1024\" src=\"https:\/\/acroellips.fr\/wp-content\/uploads\/2025\/09\/SEANCES-DECOUVERTE-et-cours-tarifs-2025_20250919_101337_0008-819x1024.png\" alt=\"\" class=\"wp-image-2728\" srcset=\"https:\/\/acroellips.fr\/wp-content\/uploads\/2025\/09\/SEANCES-DECOUVERTE-et-cours-tarifs-2025_20250919_101337_0008-819x1024.png 819w, https:\/\/acroellips.fr\/wp-content\/uploads\/2025\/09\/SEANCES-DECOUVERTE-et-cours-tarifs-2025_20250919_101337_0008-240x300.png 240w, https:\/\/acroellips.fr\/wp-content\/uploads\/2025\/09\/SEANCES-DECOUVERTE-et-cours-tarifs-2025_20250919_101337_0008-768x960.png 768w, https:\/\/acroellips.fr\/wp-content\/uploads\/2025\/09\/SEANCES-DECOUVERTE-et-cours-tarifs-2025_20250919_101337_0008-600x750.png 600w, https:\/\/acroellips.fr\/wp-content\/uploads\/2025\/09\/SEANCES-DECOUVERTE-et-cours-tarifs-2025_20250919_101337_0008.png 1080w\" sizes=\"auto, (max-width: 819px) 100vw, 819px\" \/><\/figure>\n<\/div><\/div>\n\n\n\n<div class=\"wp-block-column is-layout-flow wp-block-column-is-layout-flow\"><div class=\"wp-block-image\">\n<figure class=\"aligncenter size-large\"><img loading=\"lazy\" decoding=\"async\" width=\"819\" height=\"1024\" src=\"https:\/\/acroellips.fr\/wp-content\/uploads\/2025\/09\/SEANCES-DECOUVERTE-et-cours-tarifs-2025_20250919_101337_0007-819x1024.png\" alt=\"\" class=\"wp-image-2729\" srcset=\"https:\/\/acroellips.fr\/wp-content\/uploads\/2025\/09\/SEANCES-DECOUVERTE-et-cours-tarifs-2025_20250919_101337_0007-819x1024.png 819w, https:\/\/acroellips.fr\/wp-content\/uploads\/2025\/09\/SEANCES-DECOUVERTE-et-cours-tarifs-2025_20250919_101337_0007-240x300.png 240w, https:\/\/acroellips.fr\/wp-content\/uploads\/2025\/09\/SEANCES-DECOUVERTE-et-cours-tarifs-2025_20250919_101337_0007-768x960.png 768w, https:\/\/acroellips.fr\/wp-content\/uploads\/2025\/09\/SEANCES-DECOUVERTE-et-cours-tarifs-2025_20250919_101337_0007-600x750.png 600w, https:\/\/acroellips.fr\/wp-content\/uploads\/2025\/09\/SEANCES-DECOUVERTE-et-cours-tarifs-2025_20250919_101337_0007.png 1080w\" sizes=\"auto, (max-width: 819px) 100vw, 819px\" \/><\/figure>\n<\/div><\/div>\n<\/div>\n<\/div><\/div>\n\n\n\n<div class=\"wp-block-cover alignfull is-light\"><span aria-hidden=\"true\" class=\"wp-block-cover__background has-white-background-color has-background-dim-100 has-background-dim\"><\/span><div class=\"wp-block-cover__inner-container is-layout-constrained wp-block-cover-is-layout-constrained\">\n<p class=\"has-text-align-center has-large-font-size\">A la Une !<br><\/p>\n\n\n\n<p>Atelier Parent-Enfant \u00e0 Enjeu Brissac le Samedi 14 mars \u00e0 10h00. Nous contacter!! <\/p>\n\n\n\n<div class=\"wp-block-columns is-layout-flex wp-container-core-columns-is-layout-9d6595d7 wp-block-columns-is-layout-flex\">\n<div class=\"wp-block-column is-layout-flow wp-block-column-is-layout-flow\">\n<figure class=\"wp-block-image size-large is-resized\"><img loading=\"lazy\" decoding=\"async\" width=\"819\" height=\"1024\" src=\"https:\/\/acroellips.fr\/wp-content\/uploads\/2025\/11\/WhatsApp-Image-2025-11-02-a-11.57.49_84ca4cc1-819x1024.jpg\" alt=\"\" class=\"wp-image-2747\" style=\"width:419px;height:auto\" srcset=\"https:\/\/acroellips.fr\/wp-content\/uploads\/2025\/11\/WhatsApp-Image-2025-11-02-a-11.57.49_84ca4cc1-819x1024.jpg 819w, https:\/\/acroellips.fr\/wp-content\/uploads\/2025\/11\/WhatsApp-Image-2025-11-02-a-11.57.49_84ca4cc1-240x300.jpg 240w, https:\/\/acroellips.fr\/wp-content\/uploads\/2025\/11\/WhatsApp-Image-2025-11-02-a-11.57.49_84ca4cc1-768x960.jpg 768w, https:\/\/acroellips.fr\/wp-content\/uploads\/2025\/11\/WhatsApp-Image-2025-11-02-a-11.57.49_84ca4cc1-600x750.jpg 600w, https:\/\/acroellips.fr\/wp-content\/uploads\/2025\/11\/WhatsApp-Image-2025-11-02-a-11.57.49_84ca4cc1.jpg 1080w\" sizes=\"auto, (max-width: 819px) 100vw, 819px\" \/><\/figure>\n<\/div>\n\n\n\n<div class=\"wp-block-column is-layout-flow wp-block-column-is-layout-flow\">\n<p>2 nouvelles dates pour des ateliers Parents\/Enfants 3-6 ans \u00e0 Climb&rsquo;Up!!<\/p>\n\n\n\n<p>14 Mars 2026 17h30 &#8211; 18h30<\/p>\n\n\n\n<p>06 Juin 2026 17h30 &#8211; 18h30<\/p>\n\n\n\n<p>Inscriptions : <a href=\"https:\/\/www.helloasso.com\/associations\/acroellip-s\">https:\/\/www.helloasso.com\/associations\/acroellip-s<\/a><\/p>\n<\/div>\n<\/div>\n<\/div><\/div>\n\n\n\n<div class=\"wp-block-cover alignfull has-parallax is-repeated\"><div class=\"wp-block-cover__image-background wp-image-197 has-parallax is-repeated\" style=\"background-position:100% 0%;background-image:url(https:\/\/acroellips.fr\/wp-content\/uploads\/2022\/07\/aquarelle_egh_bright.png)\"><\/div><span aria-hidden=\"true\" class=\"wp-block-cover__background has-background-dim-60 has-background-dim\"><\/span><div class=\"wp-block-cover__inner-container is-layout-flow wp-block-cover-is-layout-flow\">\n  <div id='pgcalendar-aedd1890a5' class='pgcal-container'>loading...<\/div>\n  <div class='pgcal-branding'>Powered by <a href='https:\/\/wordpress.org\/plugins\/pretty-google-calendar\/'>Pretty Google Calendar<\/a><\/div>\n  \n<\/div><\/div>\n","protected":false},"excerpt":{"rendered":"","protected":false},"author":2,"featured_media":0,"parent":0,"menu_order":0,"comment_status":"closed","ping_status":"closed","template":"","meta":{"ub_ctt_via":"","footnotes":""},"class_list":["post-214","page","type-page","status-publish","hentry"],"featured_image_src":null,"yoast_head":"<!-- This site is optimized with the Yoast SEO plugin v27.4 - https:\/\/yoast.com\/product\/yoast-seo-wordpress\/ -->\n<title>Agenda - AcroEllip&#039;s<\/title>\n<meta name=\"description\" content=\"Agenda AcroEllip&#039;s Cours d&#039;Acroyoga - Angers\/Saumur\/Dou\u00e9-en-Anjou - Adultes\/Parent-Enfant - QVCT - EVJF - EVG - Enterrement de vie de c\u00e9libataire - Entreprises - S\u00e9minaires - Team Building - Coh\u00e9sion\" \/>\n<meta name=\"robots\" content=\"index, follow, max-snippet:-1, max-image-preview:large, max-video-preview:-1\" \/>\n<link rel=\"canonical\" href=\"https:\/\/acroellips.fr\/index.php\/agenda\/\" \/>\n<meta property=\"og:locale\" content=\"fr_FR\" \/>\n<meta property=\"og:type\" content=\"article\" \/>\n<meta property=\"og:title\" content=\"Agenda - AcroEllip&#039;s\" \/>\n<meta property=\"og:description\" content=\"Agenda AcroEllip&#039;s Cours d&#039;Acroyoga - Angers\/Saumur\/Dou\u00e9-en-Anjou - Adultes\/Parent-Enfant - QVCT - EVJF - EVG - Enterrement de vie de c\u00e9libataire - Entreprises - S\u00e9minaires - Team Building - Coh\u00e9sion\" \/>\n<meta property=\"og:url\" content=\"https:\/\/acroellips.fr\/index.php\/agenda\/\" \/>\n<meta property=\"og:site_name\" content=\"AcroEllip&#039;s\" \/>\n<meta property=\"article:publisher\" content=\"https:\/\/facebook.com\/acroellips\" \/>\n<meta property=\"article:modified_time\" content=\"2026-01-29T17:48:18+00:00\" \/>\n<meta property=\"og:image\" content=\"https:\/\/acroellips.fr\/wp-content\/uploads\/2025\/09\/SEANCES-DECOUVERTE-et-cours-tarifs-2025_20250919_101337_0004.png\" \/>\n\t<meta property=\"og:image:width\" content=\"1080\" \/>\n\t<meta property=\"og:image:height\" content=\"1350\" \/>\n\t<meta property=\"og:image:type\" content=\"image\/png\" \/>\n<meta name=\"twitter:card\" content=\"summary_large_image\" \/>\n<meta name=\"twitter:label1\" content=\"Dur\u00e9e de lecture estim\u00e9e\" \/>\n\t<meta name=\"twitter:data1\" content=\"2 minutes\" \/>\n<script type=\"application\/ld+json\" class=\"yoast-schema-graph\">{\"@context\":\"https:\\\/\\\/schema.org\",\"@graph\":[{\"@type\":\"WebPage\",\"@id\":\"https:\\\/\\\/acroellips.fr\\\/index.php\\\/agenda\\\/\",\"url\":\"https:\\\/\\\/acroellips.fr\\\/index.php\\\/agenda\\\/\",\"name\":\"Agenda - AcroEllip&#039;s\",\"isPartOf\":{\"@id\":\"https:\\\/\\\/acroellips.fr\\\/#website\"},\"primaryImageOfPage\":{\"@id\":\"https:\\\/\\\/acroellips.fr\\\/index.php\\\/agenda\\\/#primaryimage\"},\"image\":{\"@id\":\"https:\\\/\\\/acroellips.fr\\\/index.php\\\/agenda\\\/#primaryimage\"},\"thumbnailUrl\":\"https:\\\/\\\/acroellips.fr\\\/wp-content\\\/uploads\\\/2025\\\/09\\\/SEANCES-DECOUVERTE-et-cours-tarifs-2025_20250919_101337_0004-819x1024.png\",\"datePublished\":\"2022-07-26T16:44:31+00:00\",\"dateModified\":\"2026-01-29T17:48:18+00:00\",\"description\":\"Agenda AcroEllip&#039;s Cours d'Acroyoga - Angers\\\/Saumur\\\/Dou\u00e9-en-Anjou - Adultes\\\/Parent-Enfant - QVCT - EVJF - EVG - Enterrement de vie de c\u00e9libataire - Entreprises - S\u00e9minaires - Team Building - Coh\u00e9sion\",\"breadcrumb\":{\"@id\":\"https:\\\/\\\/acroellips.fr\\\/index.php\\\/agenda\\\/#breadcrumb\"},\"inLanguage\":\"fr-FR\",\"potentialAction\":[{\"@type\":\"ReadAction\",\"target\":[\"https:\\\/\\\/acroellips.fr\\\/index.php\\\/agenda\\\/\"]}]},{\"@type\":\"ImageObject\",\"inLanguage\":\"fr-FR\",\"@id\":\"https:\\\/\\\/acroellips.fr\\\/index.php\\\/agenda\\\/#primaryimage\",\"url\":\"https:\\\/\\\/acroellips.fr\\\/wp-content\\\/uploads\\\/2025\\\/09\\\/SEANCES-DECOUVERTE-et-cours-tarifs-2025_20250919_101337_0004.png\",\"contentUrl\":\"https:\\\/\\\/acroellips.fr\\\/wp-content\\\/uploads\\\/2025\\\/09\\\/SEANCES-DECOUVERTE-et-cours-tarifs-2025_20250919_101337_0004.png\",\"width\":1080,\"height\":1350},{\"@type\":\"BreadcrumbList\",\"@id\":\"https:\\\/\\\/acroellips.fr\\\/index.php\\\/agenda\\\/#breadcrumb\",\"itemListElement\":[{\"@type\":\"ListItem\",\"position\":1,\"name\":\"Accueil\",\"item\":\"https:\\\/\\\/acroellips.fr\\\/\"},{\"@type\":\"ListItem\",\"position\":2,\"name\":\"Agenda\"}]},{\"@type\":\"WebSite\",\"@id\":\"https:\\\/\\\/acroellips.fr\\\/#website\",\"url\":\"https:\\\/\\\/acroellips.fr\\\/\",\"name\":\"AcroEllip&#039;s\",\"description\":\"Cr\u00e9ateur de parenth\u00e8ses\",\"publisher\":{\"@id\":\"https:\\\/\\\/acroellips.fr\\\/#organization\"},\"potentialAction\":[{\"@type\":\"SearchAction\",\"target\":{\"@type\":\"EntryPoint\",\"urlTemplate\":\"https:\\\/\\\/acroellips.fr\\\/?s={search_term_string}\"},\"query-input\":{\"@type\":\"PropertyValueSpecification\",\"valueRequired\":true,\"valueName\":\"search_term_string\"}}],\"inLanguage\":\"fr-FR\"},{\"@type\":\"Organization\",\"@id\":\"https:\\\/\\\/acroellips.fr\\\/#organization\",\"name\":\"Acroellip's\",\"url\":\"https:\\\/\\\/acroellips.fr\\\/\",\"logo\":{\"@type\":\"ImageObject\",\"inLanguage\":\"fr-FR\",\"@id\":\"https:\\\/\\\/acroellips.fr\\\/#\\\/schema\\\/logo\\\/image\\\/\",\"url\":\"https:\\\/\\\/acroellips.fr\\\/wp-content\\\/uploads\\\/2022\\\/07\\\/acroellips.jpg\",\"contentUrl\":\"https:\\\/\\\/acroellips.fr\\\/wp-content\\\/uploads\\\/2022\\\/07\\\/acroellips.jpg\",\"width\":111,\"height\":104,\"caption\":\"Acroellip's\"},\"image\":{\"@id\":\"https:\\\/\\\/acroellips.fr\\\/#\\\/schema\\\/logo\\\/image\\\/\"},\"sameAs\":[\"https:\\\/\\\/facebook.com\\\/acroellips\",\"https:\\\/\\\/instagram.com\\\/acroellips\"]}]}<\/script>\n<!-- \/ Yoast SEO plugin. -->","yoast_head_json":{"title":"Agenda - AcroEllip&#039;s","description":"Agenda AcroEllip&#039;s Cours d'Acroyoga - Angers\/Saumur\/Dou\u00e9-en-Anjou - Adultes\/Parent-Enfant - QVCT - EVJF - EVG - Enterrement de vie de c\u00e9libataire - Entreprises - S\u00e9minaires - Team Building - Coh\u00e9sion","robots":{"index":"index","follow":"follow","max-snippet":"max-snippet:-1","max-image-preview":"max-image-preview:large","max-video-preview":"max-video-preview:-1"},"canonical":"https:\/\/acroellips.fr\/index.php\/agenda\/","og_locale":"fr_FR","og_type":"article","og_title":"Agenda - AcroEllip&#039;s","og_description":"Agenda AcroEllip&#039;s Cours d'Acroyoga - Angers\/Saumur\/Dou\u00e9-en-Anjou - Adultes\/Parent-Enfant - QVCT - EVJF - EVG - Enterrement de vie de c\u00e9libataire - Entreprises - S\u00e9minaires - Team Building - Coh\u00e9sion","og_url":"https:\/\/acroellips.fr\/index.php\/agenda\/","og_site_name":"AcroEllip&#039;s","article_publisher":"https:\/\/facebook.com\/acroellips","article_modified_time":"2026-01-29T17:48:18+00:00","og_image":[{"width":1080,"height":1350,"url":"https:\/\/acroellips.fr\/wp-content\/uploads\/2025\/09\/SEANCES-DECOUVERTE-et-cours-tarifs-2025_20250919_101337_0004.png","type":"image\/png"}],"twitter_card":"summary_large_image","twitter_misc":{"Dur\u00e9e de lecture estim\u00e9e":"2 minutes"},"schema":{"@context":"https:\/\/schema.org","@graph":[{"@type":"WebPage","@id":"https:\/\/acroellips.fr\/index.php\/agenda\/","url":"https:\/\/acroellips.fr\/index.php\/agenda\/","name":"Agenda - AcroEllip&#039;s","isPartOf":{"@id":"https:\/\/acroellips.fr\/#website"},"primaryImageOfPage":{"@id":"https:\/\/acroellips.fr\/index.php\/agenda\/#primaryimage"},"image":{"@id":"https:\/\/acroellips.fr\/index.php\/agenda\/#primaryimage"},"thumbnailUrl":"https:\/\/acroellips.fr\/wp-content\/uploads\/2025\/09\/SEANCES-DECOUVERTE-et-cours-tarifs-2025_20250919_101337_0004-819x1024.png","datePublished":"2022-07-26T16:44:31+00:00","dateModified":"2026-01-29T17:48:18+00:00","description":"Agenda AcroEllip&#039;s Cours d'Acroyoga - Angers\/Saumur\/Dou\u00e9-en-Anjou - Adultes\/Parent-Enfant - QVCT - EVJF - EVG - Enterrement de vie de c\u00e9libataire - Entreprises - S\u00e9minaires - Team Building - Coh\u00e9sion","breadcrumb":{"@id":"https:\/\/acroellips.fr\/index.php\/agenda\/#breadcrumb"},"inLanguage":"fr-FR","potentialAction":[{"@type":"ReadAction","target":["https:\/\/acroellips.fr\/index.php\/agenda\/"]}]},{"@type":"ImageObject","inLanguage":"fr-FR","@id":"https:\/\/acroellips.fr\/index.php\/agenda\/#primaryimage","url":"https:\/\/acroellips.fr\/wp-content\/uploads\/2025\/09\/SEANCES-DECOUVERTE-et-cours-tarifs-2025_20250919_101337_0004.png","contentUrl":"https:\/\/acroellips.fr\/wp-content\/uploads\/2025\/09\/SEANCES-DECOUVERTE-et-cours-tarifs-2025_20250919_101337_0004.png","width":1080,"height":1350},{"@type":"BreadcrumbList","@id":"https:\/\/acroellips.fr\/index.php\/agenda\/#breadcrumb","itemListElement":[{"@type":"ListItem","position":1,"name":"Accueil","item":"https:\/\/acroellips.fr\/"},{"@type":"ListItem","position":2,"name":"Agenda"}]},{"@type":"WebSite","@id":"https:\/\/acroellips.fr\/#website","url":"https:\/\/acroellips.fr\/","name":"AcroEllip&#039;s","description":"Cr\u00e9ateur de parenth\u00e8ses","publisher":{"@id":"https:\/\/acroellips.fr\/#organization"},"potentialAction":[{"@type":"SearchAction","target":{"@type":"EntryPoint","urlTemplate":"https:\/\/acroellips.fr\/?s={search_term_string}"},"query-input":{"@type":"PropertyValueSpecification","valueRequired":true,"valueName":"search_term_string"}}],"inLanguage":"fr-FR"},{"@type":"Organization","@id":"https:\/\/acroellips.fr\/#organization","name":"Acroellip's","url":"https:\/\/acroellips.fr\/","logo":{"@type":"ImageObject","inLanguage":"fr-FR","@id":"https:\/\/acroellips.fr\/#\/schema\/logo\/image\/","url":"https:\/\/acroellips.fr\/wp-content\/uploads\/2022\/07\/acroellips.jpg","contentUrl":"https:\/\/acroellips.fr\/wp-content\/uploads\/2022\/07\/acroellips.jpg","width":111,"height":104,"caption":"Acroellip's"},"image":{"@id":"https:\/\/acroellips.fr\/#\/schema\/logo\/image\/"},"sameAs":["https:\/\/facebook.com\/acroellips","https:\/\/instagram.com\/acroellips"]}]}},"featured_media_urls":[],"_links":{"self":[{"href":"https:\/\/acroellips.fr\/index.php\/wp-json\/wp\/v2\/pages\/214","targetHints":{"allow":["GET"]}}],"collection":[{"href":"https:\/\/acroellips.fr\/index.php\/wp-json\/wp\/v2\/pages"}],"about":[{"href":"https:\/\/acroellips.fr\/index.php\/wp-json\/wp\/v2\/types\/page"}],"author":[{"embeddable":true,"href":"https:\/\/acroellips.fr\/index.php\/wp-json\/wp\/v2\/users\/2"}],"replies":[{"embeddable":true,"href":"https:\/\/acroellips.fr\/index.php\/wp-json\/wp\/v2\/comments?post=214"}],"version-history":[{"count":31,"href":"https:\/\/acroellips.fr\/index.php\/wp-json\/wp\/v2\/pages\/214\/revisions"}],"predecessor-version":[{"id":2772,"href":"https:\/\/acroellips.fr\/index.php\/wp-json\/wp\/v2\/pages\/214\/revisions\/2772"}],"wp:attachment":[{"href":"https:\/\/acroellips.fr\/index.php\/wp-json\/wp\/v2\/media?parent=214"}],"curies":[{"name":"wp","href":"https:\/\/api.w.org\/{rel}","templated":true}]}}