{"id":2705,"date":"2025-08-21T14:11:52","date_gmt":"2025-08-21T12:11:52","guid":{"rendered":"https:\/\/acroellips.fr\/?page_id=2705"},"modified":"2025-08-21T15:26:43","modified_gmt":"2025-08-21T13:26:43","slug":"acro-grezy-party-2025","status":"publish","type":"page","link":"https:\/\/acroellips.fr\/index.php\/acro-grezy-party-2025\/","title":{"rendered":"Acro Grezy&rsquo; Party 2025"},"content":{"rendered":"<div class=\"ub-advanced-video-container aligncenter wp-block-ub-advanced-video\" id=\"ub-advanced-video-26c46570-c63e-4f0b-afa9-650afcdfb532\"><div class=\"ub-advanced-video-embed\" style=\"box-shadow: 0px -0px 0px 0px rgba(0, 0, 0, 1); border-top: 0px solid ; border-left: 0px solid ; border-right: 0px solid ; border-bottom: 0px solid ; border-top-left-radius: 0px; border-top-right-radius: 0px; border-bottom-left-radius: 0px; border-bottom-right-radius: 0px; width: 30%; \"><video controls width=\"96%\" height=\"NaN\"><source src=\"https:\/\/acroellips.fr\/wp-content\/uploads\/2025\/08\/AcroGrezyParty2025_720p_med.mp4\"><\/source><\/video><\/div><\/div>\n\n\n<div class=\"wp-block-envira-envira-gallery\"><div id=\"envira-gallery-wrap-2706\" class=\"envira-gallery-wrap envira-gallery-theme-base envira-lightbox-theme-base\" itemscope itemtype=\"https:\/\/schema.org\/ImageGallery\"><div data-row-height=\"150\" data-gallery-theme=\"normal\" id=\"envira-gallery-2706\" class=\"envira-gallery-public envira-gallery-justified-public envira-gallery-0-columns envira-clear enviratope envira-gallery-css-animations\" data-envira-columns=\"0\"><div id=\"envira-gallery-item-2707\" class=\"envira-gallery-item enviratope-item envira-gallery-item-1 envira-lazy-load\" style=\"padding-left: 1px; padding-bottom: 1px; padding-right: 1px;\"  itemscope itemtype=\"https:\/\/schema.org\/ImageObject\"><div class=\"envira-gallery-item-inner\"><div class=\"envira-gallery-position-overlay  envira-gallery-top-left\"><\/div><div class=\"envira-gallery-position-overlay  envira-gallery-top-right\"><\/div><div class=\"envira-gallery-position-overlay  envira-gallery-bottom-left\"><\/div><div class=\"envira-gallery-position-overlay  envira-gallery-bottom-right\"><\/div><a href=\"https:\/\/acroellips.fr\/wp-content\/uploads\/2025\/08\/IMG_20250802_1754082-scaled.jpg\" class=\"envira-gallery-2706 envira-gallery-link\" rel=\"enviragallery2706\" title=\"IMG_20250802_175408~2\" data-envira-caption=\"IMG_20250802_175408~2\" data-envira-retina=\"\" data-thumbnail=\"\"  itemprop=\"contentUrl\"><img decoding=\"async\" id=\"envira-gallery-image-2707\" class=\"envira-gallery-image envira-gallery-image-1 envira-normal envira-lazy\" data-envira-index=\"1\" src=\"https:\/\/acroellips.fr\/wp-content\/uploads\/2025\/08\/IMG_20250802_1754082-768x1024-640x480.jpg\" data-envira-src=\"https:\/\/acroellips.fr\/wp-content\/uploads\/2025\/08\/IMG_20250802_1754082-768x1024-640x480.jpg\" data-envira-gallery-id=\"2706\" data-envira-item-id=\"2707\" data-envira-caption=\"IMG_20250802_175408~2\" alt=\"\" title=\"IMG_20250802_175408~2\"  itemprop=\"thumbnailUrl\" data-envira-srcset=\"https:\/\/acroellips.fr\/wp-content\/uploads\/2025\/08\/IMG_20250802_1754082-768x1024-640x480.jpg 400w,https:\/\/acroellips.fr\/wp-content\/uploads\/2025\/08\/IMG_20250802_1754082-768x1024-640x480.jpg 2x\" data-envira-width=\"225\" data-envira-height=\"300\" srcset=\"data:image\/gif;base64,R0lGODlhAQABAIAAAP\/\/\/\/\/\/\/yH5BAEKAAEALAAAAAABAAEAAAICTAEAOw==\" data-safe-src=\"data:image\/gif;base64,R0lGODlhAQABAIAAAP\/\/\/\/\/\/\/yH5BAEKAAEALAAAAAABAAEAAAICTAEAOw==\" \/><\/a><\/div><\/div><div id=\"envira-gallery-item-2708\" class=\"envira-gallery-item enviratope-item envira-gallery-item-2 envira-lazy-load\" style=\"padding-left: 1px; padding-bottom: 1px; padding-right: 1px;\"  itemscope itemtype=\"https:\/\/schema.org\/ImageObject\"><div class=\"envira-gallery-item-inner\"><div class=\"envira-gallery-position-overlay  envira-gallery-top-left\"><\/div><div class=\"envira-gallery-position-overlay  envira-gallery-top-right\"><\/div><div class=\"envira-gallery-position-overlay  envira-gallery-bottom-left\"><\/div><div class=\"envira-gallery-position-overlay  envira-gallery-bottom-right\"><\/div><a href=\"https:\/\/acroellips.fr\/wp-content\/uploads\/2025\/08\/IMG_20250803_103435-scaled.jpg\" class=\"envira-gallery-2706 envira-gallery-link\" rel=\"enviragallery2706\" title=\"IMG_20250803_103435\" data-envira-caption=\"IMG_20250803_103435\" data-envira-retina=\"\" data-thumbnail=\"\"  itemprop=\"contentUrl\"><img decoding=\"async\" id=\"envira-gallery-image-2708\" class=\"envira-gallery-image envira-gallery-image-2 envira-normal envira-lazy\" data-envira-index=\"2\" src=\"https:\/\/acroellips.fr\/wp-content\/uploads\/2025\/08\/IMG_20250803_103435-768x1024-640x480.jpg\" data-envira-src=\"https:\/\/acroellips.fr\/wp-content\/uploads\/2025\/08\/IMG_20250803_103435-768x1024-640x480.jpg\" data-envira-gallery-id=\"2706\" data-envira-item-id=\"2708\" data-envira-caption=\"IMG_20250803_103435\" alt=\"\" title=\"IMG_20250803_103435\"  itemprop=\"thumbnailUrl\" data-envira-srcset=\"https:\/\/acroellips.fr\/wp-content\/uploads\/2025\/08\/IMG_20250803_103435-768x1024-640x480.jpg 400w,https:\/\/acroellips.fr\/wp-content\/uploads\/2025\/08\/IMG_20250803_103435-768x1024-640x480.jpg 2x\" data-envira-width=\"225\" data-envira-height=\"300\" srcset=\"data:image\/gif;base64,R0lGODlhAQABAIAAAP\/\/\/\/\/\/\/yH5BAEKAAEALAAAAAABAAEAAAICTAEAOw==\" data-safe-src=\"data:image\/gif;base64,R0lGODlhAQABAIAAAP\/\/\/\/\/\/\/yH5BAEKAAEALAAAAAABAAEAAAICTAEAOw==\" \/><\/a><\/div><\/div><div id=\"envira-gallery-item-2709\" class=\"envira-gallery-item enviratope-item envira-gallery-item-3 envira-lazy-load\" style=\"padding-left: 1px; padding-bottom: 1px; padding-right: 1px;\"  itemscope itemtype=\"https:\/\/schema.org\/ImageObject\"><div class=\"envira-gallery-item-inner\"><div class=\"envira-gallery-position-overlay  envira-gallery-top-left\"><\/div><div class=\"envira-gallery-position-overlay  envira-gallery-top-right\"><\/div><div class=\"envira-gallery-position-overlay  envira-gallery-bottom-left\"><\/div><div class=\"envira-gallery-position-overlay  envira-gallery-bottom-right\"><\/div><a href=\"https:\/\/acroellips.fr\/wp-content\/uploads\/2025\/08\/IMG_20250803_103449-scaled.jpg\" class=\"envira-gallery-2706 envira-gallery-link\" rel=\"enviragallery2706\" title=\"IMG_20250803_103449\" data-envira-caption=\"IMG_20250803_103449\" data-envira-retina=\"\" data-thumbnail=\"\"  itemprop=\"contentUrl\"><img decoding=\"async\" id=\"envira-gallery-image-2709\" class=\"envira-gallery-image envira-gallery-image-3 envira-normal envira-lazy\" data-envira-index=\"3\" src=\"https:\/\/acroellips.fr\/wp-content\/uploads\/2025\/08\/IMG_20250803_103449-768x1024-640x480.jpg\" data-envira-src=\"https:\/\/acroellips.fr\/wp-content\/uploads\/2025\/08\/IMG_20250803_103449-768x1024-640x480.jpg\" data-envira-gallery-id=\"2706\" data-envira-item-id=\"2709\" data-envira-caption=\"IMG_20250803_103449\" alt=\"\" title=\"IMG_20250803_103449\"  itemprop=\"thumbnailUrl\" data-envira-srcset=\"https:\/\/acroellips.fr\/wp-content\/uploads\/2025\/08\/IMG_20250803_103449-768x1024-640x480.jpg 400w,https:\/\/acroellips.fr\/wp-content\/uploads\/2025\/08\/IMG_20250803_103449-768x1024-640x480.jpg 2x\" data-envira-width=\"225\" data-envira-height=\"300\" srcset=\"data:image\/gif;base64,R0lGODlhAQABAIAAAP\/\/\/\/\/\/\/yH5BAEKAAEALAAAAAABAAEAAAICTAEAOw==\" data-safe-src=\"data:image\/gif;base64,R0lGODlhAQABAIAAAP\/\/\/\/\/\/\/yH5BAEKAAEALAAAAAABAAEAAAICTAEAOw==\" \/><\/a><\/div><\/div><div id=\"envira-gallery-item-2710\" class=\"envira-gallery-item enviratope-item envira-gallery-item-4 envira-lazy-load\" style=\"padding-left: 1px; padding-bottom: 1px; padding-right: 1px;\"  itemscope itemtype=\"https:\/\/schema.org\/ImageObject\"><div class=\"envira-gallery-item-inner\"><div class=\"envira-gallery-position-overlay  envira-gallery-top-left\"><\/div><div class=\"envira-gallery-position-overlay  envira-gallery-top-right\"><\/div><div class=\"envira-gallery-position-overlay  envira-gallery-bottom-left\"><\/div><div class=\"envira-gallery-position-overlay  envira-gallery-bottom-right\"><\/div><a href=\"https:\/\/acroellips.fr\/wp-content\/uploads\/2025\/08\/IMG_20250803_103459-scaled.jpg\" class=\"envira-gallery-2706 envira-gallery-link\" rel=\"enviragallery2706\" title=\"IMG_20250803_103459\" data-envira-caption=\"IMG_20250803_103459\" data-envira-retina=\"\" data-thumbnail=\"\"  itemprop=\"contentUrl\"><img decoding=\"async\" id=\"envira-gallery-image-2710\" class=\"envira-gallery-image envira-gallery-image-4 envira-normal envira-lazy\" data-envira-index=\"4\" src=\"https:\/\/acroellips.fr\/wp-content\/uploads\/2025\/08\/IMG_20250803_103459-768x1024-640x480.jpg\" data-envira-src=\"https:\/\/acroellips.fr\/wp-content\/uploads\/2025\/08\/IMG_20250803_103459-768x1024-640x480.jpg\" data-envira-gallery-id=\"2706\" data-envira-item-id=\"2710\" data-envira-caption=\"IMG_20250803_103459\" alt=\"\" title=\"IMG_20250803_103459\"  itemprop=\"thumbnailUrl\" data-envira-srcset=\"https:\/\/acroellips.fr\/wp-content\/uploads\/2025\/08\/IMG_20250803_103459-768x1024-640x480.jpg 400w,https:\/\/acroellips.fr\/wp-content\/uploads\/2025\/08\/IMG_20250803_103459-768x1024-640x480.jpg 2x\" data-envira-width=\"225\" data-envira-height=\"300\" srcset=\"data:image\/gif;base64,R0lGODlhAQABAIAAAP\/\/\/\/\/\/\/yH5BAEKAAEALAAAAAABAAEAAAICTAEAOw==\" data-safe-src=\"data:image\/gif;base64,R0lGODlhAQABAIAAAP\/\/\/\/\/\/\/yH5BAEKAAEALAAAAAABAAEAAAICTAEAOw==\" \/><\/a><\/div><\/div><div id=\"envira-gallery-item-2711\" class=\"envira-gallery-item enviratope-item envira-gallery-item-5 envira-lazy-load\" style=\"padding-left: 1px; padding-bottom: 1px; padding-right: 1px;\"  itemscope itemtype=\"https:\/\/schema.org\/ImageObject\"><div class=\"envira-gallery-item-inner\"><div class=\"envira-gallery-position-overlay  envira-gallery-top-left\"><\/div><div class=\"envira-gallery-position-overlay  envira-gallery-top-right\"><\/div><div class=\"envira-gallery-position-overlay  envira-gallery-bottom-left\"><\/div><div class=\"envira-gallery-position-overlay  envira-gallery-bottom-right\"><\/div><a href=\"https:\/\/acroellips.fr\/wp-content\/uploads\/2025\/08\/IMG_20250803_103513-scaled.jpg\" class=\"envira-gallery-2706 envira-gallery-link\" rel=\"enviragallery2706\" title=\"IMG_20250803_103513\" data-envira-caption=\"IMG_20250803_103513\" data-envira-retina=\"\" data-thumbnail=\"\"  itemprop=\"contentUrl\"><img decoding=\"async\" id=\"envira-gallery-image-2711\" class=\"envira-gallery-image envira-gallery-image-5 envira-normal envira-lazy\" data-envira-index=\"5\" src=\"https:\/\/acroellips.fr\/wp-content\/uploads\/2025\/08\/IMG_20250803_103513-768x1024-640x480.jpg\" data-envira-src=\"https:\/\/acroellips.fr\/wp-content\/uploads\/2025\/08\/IMG_20250803_103513-768x1024-640x480.jpg\" data-envira-gallery-id=\"2706\" data-envira-item-id=\"2711\" data-envira-caption=\"IMG_20250803_103513\" alt=\"\" title=\"IMG_20250803_103513\"  itemprop=\"thumbnailUrl\" data-envira-srcset=\"https:\/\/acroellips.fr\/wp-content\/uploads\/2025\/08\/IMG_20250803_103513-768x1024-640x480.jpg 400w,https:\/\/acroellips.fr\/wp-content\/uploads\/2025\/08\/IMG_20250803_103513-768x1024-640x480.jpg 2x\" data-envira-width=\"225\" data-envira-height=\"300\" srcset=\"data:image\/gif;base64,R0lGODlhAQABAIAAAP\/\/\/\/\/\/\/yH5BAEKAAEALAAAAAABAAEAAAICTAEAOw==\" data-safe-src=\"data:image\/gif;base64,R0lGODlhAQABAIAAAP\/\/\/\/\/\/\/yH5BAEKAAEALAAAAAABAAEAAAICTAEAOw==\" \/><\/a><\/div><\/div><\/div><\/div><noscript><img decoding=\"async\" src=\"https:\/\/acroellips.fr\/wp-content\/uploads\/2025\/08\/IMG_20250802_1754082-scaled.jpg\" alt=\"\" \/><img decoding=\"async\" src=\"https:\/\/acroellips.fr\/wp-content\/uploads\/2025\/08\/IMG_20250803_103435-scaled.jpg\" alt=\"\" \/><img decoding=\"async\" src=\"https:\/\/acroellips.fr\/wp-content\/uploads\/2025\/08\/IMG_20250803_103449-scaled.jpg\" alt=\"\" \/><img decoding=\"async\" src=\"https:\/\/acroellips.fr\/wp-content\/uploads\/2025\/08\/IMG_20250803_103459-scaled.jpg\" alt=\"\" \/><img decoding=\"async\" src=\"https:\/\/acroellips.fr\/wp-content\/uploads\/2025\/08\/IMG_20250803_103513-scaled.jpg\" alt=\"\" \/><\/noscript><\/div>\n","protected":false},"excerpt":{"rendered":"","protected":false},"author":2,"featured_media":0,"parent":0,"menu_order":0,"comment_status":"closed","ping_status":"closed","template":"","meta":{"ub_ctt_via":"","footnotes":""},"class_list":["post-2705","page","type-page","status-publish","hentry"],"featured_image_src":null,"yoast_head":"<!-- This site is optimized with the Yoast SEO plugin v27.4 - https:\/\/yoast.com\/product\/yoast-seo-wordpress\/ -->\n<title>Acro Grezy&#039; Party 2025 - AcroEllip&#039;s<\/title>\n<meta name=\"description\" content=\"Acro Grezy&#039; Party 2025 AcroEllip&#039;s Cours d&#039;Acroyoga - Angers\/Saumur\/Dou\u00e9-en-Anjou - Adultes\/Parent-Enfant - QVCT - EVJF - EVG - Enterrement de vie de c\u00e9libataire - Entreprises - S\u00e9minaires - Team Building - Coh\u00e9sion\" \/>\n<meta name=\"robots\" content=\"index, follow, max-snippet:-1, max-image-preview:large, max-video-preview:-1\" \/>\n<link rel=\"canonical\" href=\"https:\/\/acroellips.fr\/index.php\/acro-grezy-party-2025\/\" \/>\n<meta property=\"og:locale\" content=\"fr_FR\" \/>\n<meta property=\"og:type\" content=\"article\" \/>\n<meta property=\"og:title\" content=\"Acro Grezy&#039; Party 2025 - AcroEllip&#039;s\" \/>\n<meta property=\"og:description\" content=\"Acro Grezy&#039; Party 2025 AcroEllip&#039;s Cours d&#039;Acroyoga - Angers\/Saumur\/Dou\u00e9-en-Anjou - Adultes\/Parent-Enfant - QVCT - EVJF - EVG - Enterrement de vie de c\u00e9libataire - Entreprises - S\u00e9minaires - Team Building - Coh\u00e9sion\" \/>\n<meta property=\"og:url\" content=\"https:\/\/acroellips.fr\/index.php\/acro-grezy-party-2025\/\" \/>\n<meta property=\"og:site_name\" content=\"AcroEllip&#039;s\" \/>\n<meta property=\"article:publisher\" content=\"https:\/\/facebook.com\/acroellips\" \/>\n<meta property=\"article:modified_time\" content=\"2025-08-21T13:26:43+00:00\" \/>\n<meta name=\"twitter:card\" content=\"summary_large_image\" \/>\n<meta name=\"twitter:label1\" content=\"Dur\u00e9e de lecture estim\u00e9e\" \/>\n\t<meta name=\"twitter:data1\" content=\"1 minute\" \/>\n<script type=\"application\/ld+json\" class=\"yoast-schema-graph\">{\"@context\":\"https:\\\/\\\/schema.org\",\"@graph\":[{\"@type\":\"WebPage\",\"@id\":\"https:\\\/\\\/acroellips.fr\\\/index.php\\\/acro-grezy-party-2025\\\/\",\"url\":\"https:\\\/\\\/acroellips.fr\\\/index.php\\\/acro-grezy-party-2025\\\/\",\"name\":\"Acro Grezy' Party 2025 - AcroEllip&#039;s\",\"isPartOf\":{\"@id\":\"https:\\\/\\\/acroellips.fr\\\/#website\"},\"datePublished\":\"2025-08-21T12:11:52+00:00\",\"dateModified\":\"2025-08-21T13:26:43+00:00\",\"description\":\"Acro Grezy' Party 2025 AcroEllip&#039;s Cours d'Acroyoga - Angers\\\/Saumur\\\/Dou\u00e9-en-Anjou - Adultes\\\/Parent-Enfant - QVCT - EVJF - EVG - Enterrement de vie de c\u00e9libataire - Entreprises - S\u00e9minaires - Team Building - Coh\u00e9sion\",\"breadcrumb\":{\"@id\":\"https:\\\/\\\/acroellips.fr\\\/index.php\\\/acro-grezy-party-2025\\\/#breadcrumb\"},\"inLanguage\":\"fr-FR\",\"potentialAction\":[{\"@type\":\"ReadAction\",\"target\":[\"https:\\\/\\\/acroellips.fr\\\/index.php\\\/acro-grezy-party-2025\\\/\"]}]},{\"@type\":\"BreadcrumbList\",\"@id\":\"https:\\\/\\\/acroellips.fr\\\/index.php\\\/acro-grezy-party-2025\\\/#breadcrumb\",\"itemListElement\":[{\"@type\":\"ListItem\",\"position\":1,\"name\":\"Accueil\",\"item\":\"https:\\\/\\\/acroellips.fr\\\/\"},{\"@type\":\"ListItem\",\"position\":2,\"name\":\"Acro Grezy&rsquo; Party 2025\"}]},{\"@type\":\"WebSite\",\"@id\":\"https:\\\/\\\/acroellips.fr\\\/#website\",\"url\":\"https:\\\/\\\/acroellips.fr\\\/\",\"name\":\"AcroEllip&#039;s\",\"description\":\"Cr\u00e9ateur de parenth\u00e8ses\",\"publisher\":{\"@id\":\"https:\\\/\\\/acroellips.fr\\\/#organization\"},\"potentialAction\":[{\"@type\":\"SearchAction\",\"target\":{\"@type\":\"EntryPoint\",\"urlTemplate\":\"https:\\\/\\\/acroellips.fr\\\/?s={search_term_string}\"},\"query-input\":{\"@type\":\"PropertyValueSpecification\",\"valueRequired\":true,\"valueName\":\"search_term_string\"}}],\"inLanguage\":\"fr-FR\"},{\"@type\":\"Organization\",\"@id\":\"https:\\\/\\\/acroellips.fr\\\/#organization\",\"name\":\"Acroellip's\",\"url\":\"https:\\\/\\\/acroellips.fr\\\/\",\"logo\":{\"@type\":\"ImageObject\",\"inLanguage\":\"fr-FR\",\"@id\":\"https:\\\/\\\/acroellips.fr\\\/#\\\/schema\\\/logo\\\/image\\\/\",\"url\":\"https:\\\/\\\/acroellips.fr\\\/wp-content\\\/uploads\\\/2022\\\/07\\\/acroellips.jpg\",\"contentUrl\":\"https:\\\/\\\/acroellips.fr\\\/wp-content\\\/uploads\\\/2022\\\/07\\\/acroellips.jpg\",\"width\":111,\"height\":104,\"caption\":\"Acroellip's\"},\"image\":{\"@id\":\"https:\\\/\\\/acroellips.fr\\\/#\\\/schema\\\/logo\\\/image\\\/\"},\"sameAs\":[\"https:\\\/\\\/facebook.com\\\/acroellips\",\"https:\\\/\\\/instagram.com\\\/acroellips\"]}]}<\/script>\n<!-- \/ Yoast SEO plugin. -->","yoast_head_json":{"title":"Acro Grezy' Party 2025 - AcroEllip&#039;s","description":"Acro Grezy' Party 2025 AcroEllip&#039;s Cours d'Acroyoga - Angers\/Saumur\/Dou\u00e9-en-Anjou - Adultes\/Parent-Enfant - QVCT - EVJF - EVG - Enterrement de vie de c\u00e9libataire - Entreprises - S\u00e9minaires - Team Building - Coh\u00e9sion","robots":{"index":"index","follow":"follow","max-snippet":"max-snippet:-1","max-image-preview":"max-image-preview:large","max-video-preview":"max-video-preview:-1"},"canonical":"https:\/\/acroellips.fr\/index.php\/acro-grezy-party-2025\/","og_locale":"fr_FR","og_type":"article","og_title":"Acro Grezy' Party 2025 - AcroEllip&#039;s","og_description":"Acro Grezy' Party 2025 AcroEllip&#039;s Cours d'Acroyoga - Angers\/Saumur\/Dou\u00e9-en-Anjou - Adultes\/Parent-Enfant - QVCT - EVJF - EVG - Enterrement de vie de c\u00e9libataire - Entreprises - S\u00e9minaires - Team Building - Coh\u00e9sion","og_url":"https:\/\/acroellips.fr\/index.php\/acro-grezy-party-2025\/","og_site_name":"AcroEllip&#039;s","article_publisher":"https:\/\/facebook.com\/acroellips","article_modified_time":"2025-08-21T13:26:43+00:00","twitter_card":"summary_large_image","twitter_misc":{"Dur\u00e9e de lecture estim\u00e9e":"1 minute"},"schema":{"@context":"https:\/\/schema.org","@graph":[{"@type":"WebPage","@id":"https:\/\/acroellips.fr\/index.php\/acro-grezy-party-2025\/","url":"https:\/\/acroellips.fr\/index.php\/acro-grezy-party-2025\/","name":"Acro Grezy' Party 2025 - AcroEllip&#039;s","isPartOf":{"@id":"https:\/\/acroellips.fr\/#website"},"datePublished":"2025-08-21T12:11:52+00:00","dateModified":"2025-08-21T13:26:43+00:00","description":"Acro Grezy' Party 2025 AcroEllip&#039;s Cours d'Acroyoga - Angers\/Saumur\/Dou\u00e9-en-Anjou - Adultes\/Parent-Enfant - QVCT - EVJF - EVG - Enterrement de vie de c\u00e9libataire - Entreprises - S\u00e9minaires - Team Building - Coh\u00e9sion","breadcrumb":{"@id":"https:\/\/acroellips.fr\/index.php\/acro-grezy-party-2025\/#breadcrumb"},"inLanguage":"fr-FR","potentialAction":[{"@type":"ReadAction","target":["https:\/\/acroellips.fr\/index.php\/acro-grezy-party-2025\/"]}]},{"@type":"BreadcrumbList","@id":"https:\/\/acroellips.fr\/index.php\/acro-grezy-party-2025\/#breadcrumb","itemListElement":[{"@type":"ListItem","position":1,"name":"Accueil","item":"https:\/\/acroellips.fr\/"},{"@type":"ListItem","position":2,"name":"Acro Grezy&rsquo; Party 2025"}]},{"@type":"WebSite","@id":"https:\/\/acroellips.fr\/#website","url":"https:\/\/acroellips.fr\/","name":"AcroEllip&#039;s","description":"Cr\u00e9ateur de parenth\u00e8ses","publisher":{"@id":"https:\/\/acroellips.fr\/#organization"},"potentialAction":[{"@type":"SearchAction","target":{"@type":"EntryPoint","urlTemplate":"https:\/\/acroellips.fr\/?s={search_term_string}"},"query-input":{"@type":"PropertyValueSpecification","valueRequired":true,"valueName":"search_term_string"}}],"inLanguage":"fr-FR"},{"@type":"Organization","@id":"https:\/\/acroellips.fr\/#organization","name":"Acroellip's","url":"https:\/\/acroellips.fr\/","logo":{"@type":"ImageObject","inLanguage":"fr-FR","@id":"https:\/\/acroellips.fr\/#\/schema\/logo\/image\/","url":"https:\/\/acroellips.fr\/wp-content\/uploads\/2022\/07\/acroellips.jpg","contentUrl":"https:\/\/acroellips.fr\/wp-content\/uploads\/2022\/07\/acroellips.jpg","width":111,"height":104,"caption":"Acroellip's"},"image":{"@id":"https:\/\/acroellips.fr\/#\/schema\/logo\/image\/"},"sameAs":["https:\/\/facebook.com\/acroellips","https:\/\/instagram.com\/acroellips"]}]}},"featured_media_urls":[],"_links":{"self":[{"href":"https:\/\/acroellips.fr\/index.php\/wp-json\/wp\/v2\/pages\/2705","targetHints":{"allow":["GET"]}}],"collection":[{"href":"https:\/\/acroellips.fr\/index.php\/wp-json\/wp\/v2\/pages"}],"about":[{"href":"https:\/\/acroellips.fr\/index.php\/wp-json\/wp\/v2\/types\/page"}],"author":[{"embeddable":true,"href":"https:\/\/acroellips.fr\/index.php\/wp-json\/wp\/v2\/users\/2"}],"replies":[{"embeddable":true,"href":"https:\/\/acroellips.fr\/index.php\/wp-json\/wp\/v2\/comments?post=2705"}],"version-history":[{"count":7,"href":"https:\/\/acroellips.fr\/index.php\/wp-json\/wp\/v2\/pages\/2705\/revisions"}],"predecessor-version":[{"id":2725,"href":"https:\/\/acroellips.fr\/index.php\/wp-json\/wp\/v2\/pages\/2705\/revisions\/2725"}],"wp:attachment":[{"href":"https:\/\/acroellips.fr\/index.php\/wp-json\/wp\/v2\/media?parent=2705"}],"curies":[{"name":"wp","href":"https:\/\/api.w.org\/{rel}","templated":true}]}}