{"id":345,"date":"2022-08-18T17:39:03","date_gmt":"2022-08-18T15:39:03","guid":{"rendered":"https:\/\/acroellips.fr\/?post_type=product&#038;p=345"},"modified":"2022-12-01T12:04:49","modified_gmt":"2022-12-01T11:04:49","slug":"climbup-adulte-trimestre","status":"publish","type":"product","link":"https:\/\/acroellips.fr\/index.php\/produit\/climbup-adulte-trimestre\/","title":{"rendered":"Acroyoga Flow &#8211; Adulte &#8211; Trimestre"},"content":{"rendered":"<p>Prix par personne<\/p>\n<p><em><strong>10 Cours de 1h30 \u2013 Tous niveaux<\/strong><\/em><\/p>\n<p>&nbsp;<\/p>\n<p><strong>Cr\u00e9neaux\u00a0 disponibles: <\/strong>Jeudi 18h15 \u2013 19h45<\/p>\n<p>&nbsp;<\/p>\n<p><strong>Lieu<\/strong>\u00a0: Climb Up Angers \u2013 Les Ponts-de-C\u00e9<\/p>\n<p>D\u00e9cathlon Village<\/p>\n<p>1 Boulevard L\u00e9o Lagrange<\/p>\n<p>49130 Les Ponts-de-C\u00e9<\/p>\n<blockquote class=\"wp-embedded-content\" data-secret=\"UE3FrAvuPS\"><p><a href=\"https:\/\/angers-lespontsdece.climb-up.fr\/acro-yoga\/\">Acro Yoga<\/a><\/p><\/blockquote>\n<p><iframe loading=\"lazy\" class=\"wp-embedded-content\" sandbox=\"allow-scripts\" security=\"restricted\" style=\"position: absolute; clip: rect(1px, 1px, 1px, 1px);\" title=\"\u00ab\u00a0Acro Yoga\u00a0\u00bb &#8212; Climb Up Angers - Les Ponts de C\u00e9\" src=\"https:\/\/angers-lespontsdece.climb-up.fr\/acro-yoga\/embed\/#?secret=UE3FrAvuPS\" data-secret=\"UE3FrAvuPS\" width=\"600\" height=\"338\" frameborder=\"0\" marginwidth=\"0\" marginheight=\"0\" scrolling=\"no\"><\/iframe><\/p>\n<p>&nbsp;<\/p>\n<p>Calendrier des cours disponible ici &#8211;&gt;\u00a0<em><strong><a href=\"https:\/\/acroellips.fr\/index.php\/agenda\/\" target=\"_blank\" rel=\"noopener\">Agenda<\/a><\/strong><\/em><\/p>\n","protected":false},"excerpt":{"rendered":"<p>Prix par personne 10 Cours de 1h30 \u2013 Tous niveaux &nbsp; Cr\u00e9neaux\u00a0 disponibles: Jeudi 18h15 \u2013 19h45 &nbsp; Lieu\u00a0: Climb Up Angers \u2013 Les Ponts-de-C\u00e9 D\u00e9cathlon Village 1 Boulevard L\u00e9o Lagrange 49130 Les Ponts-de-C\u00e9 Acro Yoga &nbsp; Calendrier des cours disponible ici &#8211;&gt;\u00a0Agenda<\/p>\n","protected":false},"featured_media":398,"comment_status":"closed","ping_status":"closed","template":"","meta":{"ub_ctt_via":""},"product_cat":[19],"product_tag":[],"class_list":["post-345","product","type-product","status-publish","has-post-thumbnail","hentry","product_cat-climbup"],"yoast_head":"<!-- This site is optimized with the Yoast SEO plugin v27.5 - https:\/\/yoast.com\/product\/yoast-seo-wordpress\/ -->\n<title>Acroyoga Flow - Adulte - Trimestre - AcroEllip&#039;s<\/title>\n<meta name=\"robots\" content=\"index, follow, max-snippet:-1, max-image-preview:large, max-video-preview:-1\" \/>\n<link rel=\"canonical\" href=\"https:\/\/acroellips.fr\/index.php\/produit\/climbup-adulte-trimestre\/\" \/>\n<meta property=\"og:locale\" content=\"fr_FR\" \/>\n<meta property=\"og:type\" content=\"article\" \/>\n<meta property=\"og:title\" content=\"Acroyoga Flow - Adulte - Trimestre - AcroEllip&#039;s\" \/>\n<meta property=\"og:description\" content=\"Prix par personne 10 Cours de 1h30 \u2013 Tous niveaux &nbsp; Cr\u00e9neaux\u00a0 disponibles: Jeudi 18h15 \u2013 19h45 &nbsp; Lieu\u00a0: Climb Up Angers \u2013 Les Ponts-de-C\u00e9 D\u00e9cathlon Village 1 Boulevard L\u00e9o Lagrange 49130 Les Ponts-de-C\u00e9 Acro Yoga &nbsp; Calendrier des cours disponible ici &#8211;&gt;\u00a0Agenda\" \/>\n<meta property=\"og:url\" content=\"https:\/\/acroellips.fr\/index.php\/produit\/climbup-adulte-trimestre\/\" \/>\n<meta property=\"og:site_name\" content=\"AcroEllip&#039;s\" \/>\n<meta property=\"article:publisher\" content=\"https:\/\/facebook.com\/acroellips\" \/>\n<meta property=\"article:modified_time\" content=\"2022-12-01T11:04:49+00:00\" \/>\n<meta property=\"og:image\" content=\"https:\/\/acroellips.fr\/wp-content\/uploads\/2022\/08\/acroyoga_acroellips_climbup_cours.jpg\" \/>\n\t<meta property=\"og:image:width\" content=\"1000\" \/>\n\t<meta property=\"og:image:height\" content=\"1000\" \/>\n\t<meta property=\"og:image:type\" content=\"image\/jpeg\" \/>\n<meta name=\"twitter:card\" content=\"summary_large_image\" \/>\n<meta name=\"twitter:label1\" content=\"Dur\u00e9e de lecture estim\u00e9e\" \/>\n\t<meta name=\"twitter:data1\" content=\"1 minute\" \/>\n<script type=\"application\/ld+json\" class=\"yoast-schema-graph\">{\"@context\":\"https:\\\/\\\/schema.org\",\"@graph\":[{\"@type\":\"WebPage\",\"@id\":\"https:\\\/\\\/acroellips.fr\\\/index.php\\\/produit\\\/climbup-adulte-trimestre\\\/\",\"url\":\"https:\\\/\\\/acroellips.fr\\\/index.php\\\/produit\\\/climbup-adulte-trimestre\\\/\",\"name\":\"Acroyoga Flow - Adulte - Trimestre - AcroEllip&#039;s\",\"isPartOf\":{\"@id\":\"https:\\\/\\\/acroellips.fr\\\/#website\"},\"primaryImageOfPage\":{\"@id\":\"https:\\\/\\\/acroellips.fr\\\/index.php\\\/produit\\\/climbup-adulte-trimestre\\\/#primaryimage\"},\"image\":{\"@id\":\"https:\\\/\\\/acroellips.fr\\\/index.php\\\/produit\\\/climbup-adulte-trimestre\\\/#primaryimage\"},\"thumbnailUrl\":\"https:\\\/\\\/acroellips.fr\\\/wp-content\\\/uploads\\\/2022\\\/08\\\/acroyoga_acroellips_climbup_cours.jpg\",\"datePublished\":\"2022-08-18T15:39:03+00:00\",\"dateModified\":\"2022-12-01T11:04:49+00:00\",\"breadcrumb\":{\"@id\":\"https:\\\/\\\/acroellips.fr\\\/index.php\\\/produit\\\/climbup-adulte-trimestre\\\/#breadcrumb\"},\"inLanguage\":\"fr-FR\",\"potentialAction\":[{\"@type\":\"ReadAction\",\"target\":[\"https:\\\/\\\/acroellips.fr\\\/index.php\\\/produit\\\/climbup-adulte-trimestre\\\/\"]}]},{\"@type\":\"ImageObject\",\"inLanguage\":\"fr-FR\",\"@id\":\"https:\\\/\\\/acroellips.fr\\\/index.php\\\/produit\\\/climbup-adulte-trimestre\\\/#primaryimage\",\"url\":\"https:\\\/\\\/acroellips.fr\\\/wp-content\\\/uploads\\\/2022\\\/08\\\/acroyoga_acroellips_climbup_cours.jpg\",\"contentUrl\":\"https:\\\/\\\/acroellips.fr\\\/wp-content\\\/uploads\\\/2022\\\/08\\\/acroyoga_acroellips_climbup_cours.jpg\",\"width\":1000,\"height\":1000},{\"@type\":\"BreadcrumbList\",\"@id\":\"https:\\\/\\\/acroellips.fr\\\/index.php\\\/produit\\\/climbup-adulte-trimestre\\\/#breadcrumb\",\"itemListElement\":[{\"@type\":\"ListItem\",\"position\":1,\"name\":\"Accueil\",\"item\":\"https:\\\/\\\/acroellips.fr\\\/\"},{\"@type\":\"ListItem\",\"position\":2,\"name\":\"R\u00e9server un cours\",\"item\":\"https:\\\/\\\/acroellips.fr\\\/index.php\\\/les-cours\\\/\"},{\"@type\":\"ListItem\",\"position\":3,\"name\":\"Acroyoga Flow &#8211; Adulte &#8211; Trimestre\"}]},{\"@type\":\"WebSite\",\"@id\":\"https:\\\/\\\/acroellips.fr\\\/#website\",\"url\":\"https:\\\/\\\/acroellips.fr\\\/\",\"name\":\"AcroEllip&#039;s\",\"description\":\"Cr\u00e9ateur de parenth\u00e8ses\",\"publisher\":{\"@id\":\"https:\\\/\\\/acroellips.fr\\\/#organization\"},\"potentialAction\":[{\"@type\":\"SearchAction\",\"target\":{\"@type\":\"EntryPoint\",\"urlTemplate\":\"https:\\\/\\\/acroellips.fr\\\/?s={search_term_string}\"},\"query-input\":{\"@type\":\"PropertyValueSpecification\",\"valueRequired\":true,\"valueName\":\"search_term_string\"}}],\"inLanguage\":\"fr-FR\"},{\"@type\":\"Organization\",\"@id\":\"https:\\\/\\\/acroellips.fr\\\/#organization\",\"name\":\"Acroellip's\",\"url\":\"https:\\\/\\\/acroellips.fr\\\/\",\"logo\":{\"@type\":\"ImageObject\",\"inLanguage\":\"fr-FR\",\"@id\":\"https:\\\/\\\/acroellips.fr\\\/#\\\/schema\\\/logo\\\/image\\\/\",\"url\":\"https:\\\/\\\/acroellips.fr\\\/wp-content\\\/uploads\\\/2022\\\/07\\\/acroellips.jpg\",\"contentUrl\":\"https:\\\/\\\/acroellips.fr\\\/wp-content\\\/uploads\\\/2022\\\/07\\\/acroellips.jpg\",\"width\":111,\"height\":104,\"caption\":\"Acroellip's\"},\"image\":{\"@id\":\"https:\\\/\\\/acroellips.fr\\\/#\\\/schema\\\/logo\\\/image\\\/\"},\"sameAs\":[\"https:\\\/\\\/facebook.com\\\/acroellips\",\"https:\\\/\\\/instagram.com\\\/acroellips\"]}]}<\/script>\n<!-- \/ Yoast SEO plugin. -->","yoast_head_json":{"title":"Acroyoga Flow - Adulte - Trimestre - AcroEllip&#039;s","robots":{"index":"index","follow":"follow","max-snippet":"max-snippet:-1","max-image-preview":"max-image-preview:large","max-video-preview":"max-video-preview:-1"},"canonical":"https:\/\/acroellips.fr\/index.php\/produit\/climbup-adulte-trimestre\/","og_locale":"fr_FR","og_type":"article","og_title":"Acroyoga Flow - Adulte - Trimestre - AcroEllip&#039;s","og_description":"Prix par personne 10 Cours de 1h30 \u2013 Tous niveaux &nbsp; Cr\u00e9neaux\u00a0 disponibles: Jeudi 18h15 \u2013 19h45 &nbsp; Lieu\u00a0: Climb Up Angers \u2013 Les Ponts-de-C\u00e9 D\u00e9cathlon Village 1 Boulevard L\u00e9o Lagrange 49130 Les Ponts-de-C\u00e9 Acro Yoga &nbsp; Calendrier des cours disponible ici &#8211;&gt;\u00a0Agenda","og_url":"https:\/\/acroellips.fr\/index.php\/produit\/climbup-adulte-trimestre\/","og_site_name":"AcroEllip&#039;s","article_publisher":"https:\/\/facebook.com\/acroellips","article_modified_time":"2022-12-01T11:04:49+00:00","og_image":[{"width":1000,"height":1000,"url":"https:\/\/acroellips.fr\/wp-content\/uploads\/2022\/08\/acroyoga_acroellips_climbup_cours.jpg","type":"image\/jpeg"}],"twitter_card":"summary_large_image","twitter_misc":{"Dur\u00e9e de lecture estim\u00e9e":"1 minute"},"schema":{"@context":"https:\/\/schema.org","@graph":[{"@type":"WebPage","@id":"https:\/\/acroellips.fr\/index.php\/produit\/climbup-adulte-trimestre\/","url":"https:\/\/acroellips.fr\/index.php\/produit\/climbup-adulte-trimestre\/","name":"Acroyoga Flow - Adulte - Trimestre - AcroEllip&#039;s","isPartOf":{"@id":"https:\/\/acroellips.fr\/#website"},"primaryImageOfPage":{"@id":"https:\/\/acroellips.fr\/index.php\/produit\/climbup-adulte-trimestre\/#primaryimage"},"image":{"@id":"https:\/\/acroellips.fr\/index.php\/produit\/climbup-adulte-trimestre\/#primaryimage"},"thumbnailUrl":"https:\/\/acroellips.fr\/wp-content\/uploads\/2022\/08\/acroyoga_acroellips_climbup_cours.jpg","datePublished":"2022-08-18T15:39:03+00:00","dateModified":"2022-12-01T11:04:49+00:00","breadcrumb":{"@id":"https:\/\/acroellips.fr\/index.php\/produit\/climbup-adulte-trimestre\/#breadcrumb"},"inLanguage":"fr-FR","potentialAction":[{"@type":"ReadAction","target":["https:\/\/acroellips.fr\/index.php\/produit\/climbup-adulte-trimestre\/"]}]},{"@type":"ImageObject","inLanguage":"fr-FR","@id":"https:\/\/acroellips.fr\/index.php\/produit\/climbup-adulte-trimestre\/#primaryimage","url":"https:\/\/acroellips.fr\/wp-content\/uploads\/2022\/08\/acroyoga_acroellips_climbup_cours.jpg","contentUrl":"https:\/\/acroellips.fr\/wp-content\/uploads\/2022\/08\/acroyoga_acroellips_climbup_cours.jpg","width":1000,"height":1000},{"@type":"BreadcrumbList","@id":"https:\/\/acroellips.fr\/index.php\/produit\/climbup-adulte-trimestre\/#breadcrumb","itemListElement":[{"@type":"ListItem","position":1,"name":"Accueil","item":"https:\/\/acroellips.fr\/"},{"@type":"ListItem","position":2,"name":"R\u00e9server un cours","item":"https:\/\/acroellips.fr\/index.php\/les-cours\/"},{"@type":"ListItem","position":3,"name":"Acroyoga Flow &#8211; Adulte &#8211; Trimestre"}]},{"@type":"WebSite","@id":"https:\/\/acroellips.fr\/#website","url":"https:\/\/acroellips.fr\/","name":"AcroEllip&#039;s","description":"Cr\u00e9ateur de parenth\u00e8ses","publisher":{"@id":"https:\/\/acroellips.fr\/#organization"},"potentialAction":[{"@type":"SearchAction","target":{"@type":"EntryPoint","urlTemplate":"https:\/\/acroellips.fr\/?s={search_term_string}"},"query-input":{"@type":"PropertyValueSpecification","valueRequired":true,"valueName":"search_term_string"}}],"inLanguage":"fr-FR"},{"@type":"Organization","@id":"https:\/\/acroellips.fr\/#organization","name":"Acroellip's","url":"https:\/\/acroellips.fr\/","logo":{"@type":"ImageObject","inLanguage":"fr-FR","@id":"https:\/\/acroellips.fr\/#\/schema\/logo\/image\/","url":"https:\/\/acroellips.fr\/wp-content\/uploads\/2022\/07\/acroellips.jpg","contentUrl":"https:\/\/acroellips.fr\/wp-content\/uploads\/2022\/07\/acroellips.jpg","width":111,"height":104,"caption":"Acroellip's"},"image":{"@id":"https:\/\/acroellips.fr\/#\/schema\/logo\/image\/"},"sameAs":["https:\/\/facebook.com\/acroellips","https:\/\/instagram.com\/acroellips"]}]}},"featured_media_urls":{"thumbnail":["https:\/\/acroellips.fr\/wp-content\/uploads\/2022\/08\/acroyoga_acroellips_climbup_cours-150x150.jpg",150,150,true],"medium":["https:\/\/acroellips.fr\/wp-content\/uploads\/2022\/08\/acroyoga_acroellips_climbup_cours-300x300.jpg",300,300,true],"medium_large":["https:\/\/acroellips.fr\/wp-content\/uploads\/2022\/08\/acroyoga_acroellips_climbup_cours-768x768.jpg",768,768,true],"large":["https:\/\/acroellips.fr\/wp-content\/uploads\/2022\/08\/acroyoga_acroellips_climbup_cours.jpg",950,950,false],"1536x1536":["https:\/\/acroellips.fr\/wp-content\/uploads\/2022\/08\/acroyoga_acroellips_climbup_cours.jpg",1000,1000,false],"2048x2048":["https:\/\/acroellips.fr\/wp-content\/uploads\/2022\/08\/acroyoga_acroellips_climbup_cours.jpg",1000,1000,false],"inspiro-featured-image":["https:\/\/acroellips.fr\/wp-content\/uploads\/2022\/08\/acroyoga_acroellips_climbup_cours.jpg",1000,1000,false],"inspiro-loop":["https:\/\/acroellips.fr\/wp-content\/uploads\/2022\/08\/acroyoga_acroellips_climbup_cours-950x320.jpg",950,320,true],"inspiro-loop@2x":["https:\/\/acroellips.fr\/wp-content\/uploads\/2022\/08\/acroyoga_acroellips_climbup_cours-1000x640.jpg",1000,640,true],"woocommerce_thumbnail":["https:\/\/acroellips.fr\/wp-content\/uploads\/2022\/08\/acroyoga_acroellips_climbup_cours-300x300.jpg",300,300,true],"woocommerce_single":["https:\/\/acroellips.fr\/wp-content\/uploads\/2022\/08\/acroyoga_acroellips_climbup_cours-600x600.jpg",600,600,true],"woocommerce_gallery_thumbnail":["https:\/\/acroellips.fr\/wp-content\/uploads\/2022\/08\/acroyoga_acroellips_climbup_cours-100x100.jpg",100,100,true],"shop_catalog":["https:\/\/acroellips.fr\/wp-content\/uploads\/2022\/08\/acroyoga_acroellips_climbup_cours-300x300.jpg",300,300,true],"shop_single":["https:\/\/acroellips.fr\/wp-content\/uploads\/2022\/08\/acroyoga_acroellips_climbup_cours-600x600.jpg",600,600,true],"shop_thumbnail":["https:\/\/acroellips.fr\/wp-content\/uploads\/2022\/08\/acroyoga_acroellips_climbup_cours-100x100.jpg",100,100,true],"portfolio_item-thumbnail":["https:\/\/acroellips.fr\/wp-content\/uploads\/2022\/08\/acroyoga_acroellips_climbup_cours-600x400.jpg",600,400,true],"portfolio_item-thumbnail@2x":["https:\/\/acroellips.fr\/wp-content\/uploads\/2022\/08\/acroyoga_acroellips_climbup_cours.jpg",800,800,false],"portfolio_item-masonry":["https:\/\/acroellips.fr\/wp-content\/uploads\/2022\/08\/acroyoga_acroellips_climbup_cours-600x600.jpg",600,600,true],"portfolio_item-masonry@2x":["https:\/\/acroellips.fr\/wp-content\/uploads\/2022\/08\/acroyoga_acroellips_climbup_cours.jpg",1000,1000,false],"portfolio_item-thumbnail_cinema":["https:\/\/acroellips.fr\/wp-content\/uploads\/2022\/08\/acroyoga_acroellips_climbup_cours-800x335.jpg",800,335,true],"portfolio_item-thumbnail_portrait":["https:\/\/acroellips.fr\/wp-content\/uploads\/2022\/08\/acroyoga_acroellips_climbup_cours-600x900.jpg",600,900,true],"portfolio_item-thumbnail_portrait@2x":["https:\/\/acroellips.fr\/wp-content\/uploads\/2022\/08\/acroyoga_acroellips_climbup_cours.jpg",1000,1000,false],"portfolio_item-thumbnail_square":["https:\/\/acroellips.fr\/wp-content\/uploads\/2022\/08\/acroyoga_acroellips_climbup_cours-800x800.jpg",800,800,true]},"_links":{"self":[{"href":"https:\/\/acroellips.fr\/index.php\/wp-json\/wp\/v2\/product\/345","targetHints":{"allow":["GET"]}}],"collection":[{"href":"https:\/\/acroellips.fr\/index.php\/wp-json\/wp\/v2\/product"}],"about":[{"href":"https:\/\/acroellips.fr\/index.php\/wp-json\/wp\/v2\/types\/product"}],"replies":[{"embeddable":true,"href":"https:\/\/acroellips.fr\/index.php\/wp-json\/wp\/v2\/comments?post=345"}],"wp:featuredmedia":[{"embeddable":true,"href":"https:\/\/acroellips.fr\/index.php\/wp-json\/wp\/v2\/media\/398"}],"wp:attachment":[{"href":"https:\/\/acroellips.fr\/index.php\/wp-json\/wp\/v2\/media?parent=345"}],"wp:term":[{"taxonomy":"product_cat","embeddable":true,"href":"https:\/\/acroellips.fr\/index.php\/wp-json\/wp\/v2\/product_cat?post=345"},{"taxonomy":"product_tag","embeddable":true,"href":"https:\/\/acroellips.fr\/index.php\/wp-json\/wp\/v2\/product_tag?post=345"}],"curies":[{"name":"wp","href":"https:\/\/api.w.org\/{rel}","templated":true}]}}